{"id":5050,"date":"2024-08-25T20:16:52","date_gmt":"2024-08-25T20:16:52","guid":{"rendered":"https:\/\/hotelmuenchnerkindl.de\/?page_id=5050"},"modified":"2024-10-09T16:42:57","modified_gmt":"2024-10-09T16:42:57","slug":"the-dandy-suite","status":"publish","type":"page","link":"https:\/\/hotelmuenchnerkindl.de\/de\/zimmer-suiten\/the-dandy-suite\/","title":{"rendered":"The Dandy Suite"},"content":{"rendered":"\t\t<div data-elementor-type=\"wp-page\" data-elementor-id=\"5050\" class=\"elementor elementor-5050\" data-elementor-post-type=\"page\">\n\t\t\t\t<div class=\"elementor-element elementor-element-3224cba e-con-full stage stage-second e-flex elementor-invisible e-con e-parent\" data-id=\"3224cba\" data-element_type=\"container\" data-e-type=\"container\" data-settings=\"{&quot;background_background&quot;:&quot;classic&quot;,&quot;background_motion_fx_motion_fx_scrolling&quot;:&quot;yes&quot;,&quot;animation&quot;:&quot;fadeIn&quot;,&quot;background_motion_fx_devices&quot;:[&quot;desktop&quot;,&quot;tablet&quot;,&quot;mobile&quot;]}\">\n\t\t\t\t<\/div>\n\t\t<div class=\"elementor-element elementor-element-00422b8 e-con-full e-flex e-con e-parent\" data-id=\"00422b8\" data-element_type=\"container\" data-e-type=\"container\">\n\t\t\t\t<div class=\"elementor-element elementor-element-aa8e905 elementor-align-left breadcrumb elementor-widget elementor-widget-breadcrumbs\" data-id=\"aa8e905\" data-element_type=\"widget\" data-e-type=\"widget\" data-widget_type=\"breadcrumbs.default\">\n\t\t\t\t<div class=\"elementor-widget-container\">\n\t\t\t\t\t<p id=\"breadcrumbs\"><span><span><a href=\"https:\/\/hotelmuenchnerkindl.de\/de\/\">Startseite<\/a><\/span><\/span><\/p>\t\t\t\t<\/div>\n\t\t\t\t<\/div>\n\t\t\t\t<\/div>\n\t\t<div class=\"elementor-element elementor-element-74d648b e-flex e-con-boxed elementor-invisible e-con e-parent\" data-id=\"74d648b\" data-element_type=\"container\" data-e-type=\"container\" data-settings=\"{&quot;animation&quot;:&quot;fadeInUp&quot;}\">\n\t\t\t\t\t<div class=\"e-con-inner\">\n\t\t<div class=\"elementor-element elementor-element-3d7863b e-con-full e-flex e-con e-child\" data-id=\"3d7863b\" data-element_type=\"container\" data-e-type=\"container\">\n\t\t\t\t<div class=\"elementor-element elementor-element-76ad1e3 elementor-widget elementor-widget-text-editor\" data-id=\"76ad1e3\" data-element_type=\"widget\" data-e-type=\"widget\" data-widget_type=\"text-editor.default\">\n\t\t\t\t<div class=\"elementor-widget-container\">\n\t\t\t\t\t\t\t\t\t<h1 style=\"text-align: center;\">The Dandy Suite<\/h1>\t\t\t\t\t\t\t\t<\/div>\n\t\t\t\t<\/div>\n\t\t\t\t<div class=\"elementor-element elementor-element-548d217 elementor-headline--style-rotate elementor-hidden-desktop elementor-hidden-tablet animated-subheadline elementor-widget elementor-widget-animated-headline\" data-id=\"548d217\" data-element_type=\"widget\" data-e-type=\"widget\" data-settings=\"{&quot;headline_style&quot;:&quot;rotate&quot;,&quot;rotating_text&quot;:&quot;30 m\\u00b2 \\nking-size Bett\\n2 G\\u00e4ste&quot;,&quot;animation_type&quot;:&quot;clip&quot;,&quot;loop&quot;:&quot;yes&quot;,&quot;rotate_iteration_delay&quot;:2500}\" data-widget_type=\"animated-headline.default\">\n\t\t\t\t<div class=\"elementor-widget-container\">\n\t\t\t\t\t\t\t<h3 class=\"elementor-headline elementor-headline-animation-type-clip\">\n\t\t\t\t<span class=\"elementor-headline-dynamic-wrapper elementor-headline-text-wrapper\">\n\t\t\t\t\t<span class=\"elementor-headline-dynamic-text elementor-headline-text-active\">\n\t\t\t\t30&nbsp;m\u00b2&nbsp;\t\t\t<\/span>\n\t\t\t\t\t<span class=\"elementor-headline-dynamic-text\">\n\t\t\t\tking-size&nbsp;Bett\t\t\t<\/span>\n\t\t\t\t\t<span class=\"elementor-headline-dynamic-text\">\n\t\t\t\t2&nbsp;G\u00e4ste\t\t\t<\/span>\n\t\t\t\t\t\t<\/span>\n\t\t\t\t<\/h3>\n\t\t\t\t\t\t<\/div>\n\t\t\t\t<\/div>\n\t\t\t\t<div class=\"elementor-element elementor-element-fea5d65 elementor-headline--style-rotate elementor-hidden-mobile elementor-widget elementor-widget-animated-headline\" data-id=\"fea5d65\" data-element_type=\"widget\" data-e-type=\"widget\" data-settings=\"{&quot;headline_style&quot;:&quot;rotate&quot;,&quot;rotating_text&quot;:&quot;30m\\u00b2 - king-size Bett - 2 G\\u00e4ste&quot;,&quot;animation_type&quot;:&quot;typing&quot;,&quot;loop&quot;:&quot;yes&quot;,&quot;rotate_iteration_delay&quot;:2500}\" data-widget_type=\"animated-headline.default\">\n\t\t\t\t<div class=\"elementor-widget-container\">\n\t\t\t\t\t\t\t<p class=\"elementor-headline elementor-headline-animation-type-typing elementor-headline-letters\">\n\t\t\t\t<span class=\"elementor-headline-dynamic-wrapper elementor-headline-text-wrapper\">\n\t\t\t\t\t<span class=\"elementor-headline-dynamic-text elementor-headline-text-active\">\n\t\t\t\t30m\u00b2&nbsp;-&nbsp;king-size&nbsp;Bett&nbsp;-&nbsp;2&nbsp;G\u00e4ste\t\t\t<\/span>\n\t\t\t\t\t\t<\/span>\n\t\t\t\t<\/p>\n\t\t\t\t\t\t<\/div>\n\t\t\t\t<\/div>\n\t\t\t\t<\/div>\n\t\t\t\t\t<\/div>\n\t\t\t\t<\/div>\n\t\t<div class=\"elementor-element elementor-element-29ebe1a e-flex e-con-boxed elementor-invisible e-con e-parent\" data-id=\"29ebe1a\" data-element_type=\"container\" data-e-type=\"container\" data-settings=\"{&quot;animation&quot;:&quot;fadeInUp&quot;}\">\n\t\t\t\t\t<div class=\"e-con-inner\">\n\t\t\t\t<div class=\"elementor-element elementor-element-1619bbe elementor-widget elementor-widget-text-editor\" data-id=\"1619bbe\" data-element_type=\"widget\" data-e-type=\"widget\" data-widget_type=\"text-editor.default\">\n\t\t\t\t<div class=\"elementor-widget-container\">\n\t\t\t\t\t\t\t\t\t<p style=\"text-align: center;\">Die Dandy Suite mit Terrasse ist im eleganten bayerischen Dandy-Stil gestaltet und zeigt sich in T\u00fcrkis- und Moosgr\u00fcnt\u00f6nen. Mit detailreichen Mustern, hochwertigen Materialien und liebevoll ausgew\u00e4hlten Accessoires, die an die Leidenschaft vergangener Gentlemen und moderne Intuition erinnern, bietet diese Suite eine einzigartige Atmosph\u00e4re. Das stilvolle Design und die exzentrische Einrichtung mit ma\u00dfgeschneiderten M\u00f6beln, Kamin, K\u00fcchenzeile und Terrasse schaffen einen sehr pers\u00f6nlichen Wohnraum, in dem Mode und Interior Design verschmelzen. Das hellgr\u00fcne Marmorbad mit venezianischem &#8222;Terrazzo&#8220;-Steinboden, begehbarer Dusche sowie Waschtischbereich verleiht dem Ganzen eine besondere Note von schlichter Eleganz.<\/p>\t\t\t\t\t\t\t\t<\/div>\n\t\t\t\t<\/div>\n\t\t\t\t<div class=\"elementor-element elementor-element-64cba8f button-v1 elementor-widget elementor-widget-text-editor\" data-id=\"64cba8f\" data-element_type=\"widget\" data-e-type=\"widget\" data-widget_type=\"text-editor.default\">\n\t\t\t\t<div class=\"elementor-widget-container\">\n\t\t\t\t\t\t\t\t\t<a href=\"https:\/\/direct-book.com\/properties\/MuenchnerKindlDIRECT?room_type=336539&#038;locale=de\">Buchen<\/a>\t\t\t\t\t\t\t\t<\/div>\n\t\t\t\t<\/div>\n\t\t\t\t\t<\/div>\n\t\t\t\t<\/div>\n\t\t<div class=\"elementor-element elementor-element-97a6c5c e-con-full scrolling-image-container e-flex elementor-invisible e-con e-parent\" data-id=\"97a6c5c\" data-element_type=\"container\" data-e-type=\"container\" data-settings=\"{&quot;animation&quot;:&quot;shake&quot;}\">\n\t\t<div class=\"elementor-element elementor-element-f74f810 e-con-full scrolling-image e-flex e-con e-child\" data-id=\"f74f810\" data-element_type=\"container\" data-e-type=\"container\" data-settings=\"{&quot;background_background&quot;:&quot;classic&quot;,&quot;motion_fx_motion_fx_scrolling&quot;:&quot;yes&quot;,&quot;motion_fx_translateX_effect&quot;:&quot;yes&quot;,&quot;motion_fx_translateX_speed&quot;:{&quot;unit&quot;:&quot;px&quot;,&quot;size&quot;:1.3,&quot;sizes&quot;:[]},&quot;motion_fx_translateX_affectedRange&quot;:{&quot;unit&quot;:&quot;%&quot;,&quot;size&quot;:&quot;&quot;,&quot;sizes&quot;:{&quot;start&quot;:0,&quot;end&quot;:100}},&quot;motion_fx_devices&quot;:[&quot;desktop&quot;,&quot;tablet&quot;,&quot;mobile&quot;]}\">\n\t\t\t\t<\/div>\n\t\t\t\t<\/div>\n\t\t<div class=\"elementor-element elementor-element-63f5b34 e-flex e-con-boxed elementor-invisible e-con e-parent\" data-id=\"63f5b34\" data-element_type=\"container\" data-e-type=\"container\" data-settings=\"{&quot;animation&quot;:&quot;fadeInUp&quot;}\">\n\t\t\t\t\t<div class=\"e-con-inner\">\n\t\t\t\t<div class=\"elementor-element elementor-element-3686767 elementor-widget elementor-widget-text-editor\" data-id=\"3686767\" data-element_type=\"widget\" data-e-type=\"widget\" data-widget_type=\"text-editor.default\">\n\t\t\t\t<div class=\"elementor-widget-container\">\n\t\t\t\t\t\t\t\t\t<h2>Ausstattung &#038; Annehmlichkeiten<\/h2>\t\t\t\t\t\t\t\t<\/div>\n\t\t\t\t<\/div>\n\t\t\t\t\t<\/div>\n\t\t\t\t<\/div>\n\t\t<div class=\"elementor-element elementor-element-b9cf92d e-flex e-con-boxed elementor-invisible e-con e-parent\" data-id=\"b9cf92d\" data-element_type=\"container\" data-e-type=\"container\" data-settings=\"{&quot;animation&quot;:&quot;fadeInUp&quot;}\">\n\t\t\t\t\t<div class=\"e-con-inner\">\n\t\t<div class=\"elementor-element elementor-element-2747fc4 e-con-full e-flex e-con e-child\" data-id=\"2747fc4\" data-element_type=\"container\" data-e-type=\"container\">\n\t\t\t\t<div class=\"elementor-element elementor-element-e87faf2 elementor-widget elementor-widget-text-editor\" data-id=\"e87faf2\" data-element_type=\"widget\" data-e-type=\"widget\" data-widget_type=\"text-editor.default\">\n\t\t\t\t<div class=\"elementor-widget-container\">\n\t\t\t\t\t\t\t\t\t<p>Kamin<\/p><p>Smart-TV<\/p><p>Minibar<\/p><p>Safe<\/p><p>Regenschirm<\/p><p>Dampfgl\u00e4tter<\/p><p>Klimaanlage<\/p><p>Schnelles WLAN<\/p>\t\t\t\t\t\t\t\t<\/div>\n\t\t\t\t<\/div>\n\t\t\t\t<\/div>\n\t\t<div class=\"elementor-element elementor-element-91e3781 e-con-full e-flex e-con e-child\" data-id=\"91e3781\" data-element_type=\"container\" data-e-type=\"container\">\n\t\t\t\t<div class=\"elementor-element elementor-element-eb9d570 elementor-widget elementor-widget-text-editor\" data-id=\"eb9d570\" data-element_type=\"widget\" data-e-type=\"widget\" data-widget_type=\"text-editor.default\">\n\t\t\t\t<div class=\"elementor-widget-container\">\n\t\t\t\t\t\t\t\t\t<p>SuitePad<\/p><p>Mikrowelle<\/p><p>Kochnische<\/p><p>Tee- und Kaffeezubeh\u00f6r<\/p><p>Weicher Bademantel &amp; Hausschuhe<\/p><p>Ma\u00dfgeschneiderte Pflegeprodukte<\/p><p>Haartrockner<\/p>\t\t\t\t\t\t\t\t<\/div>\n\t\t\t\t<\/div>\n\t\t\t\t<\/div>\n\t\t\t\t\t<\/div>\n\t\t\t\t<\/div>\n\t\t<div class=\"elementor-element elementor-element-41f4eea e-con-full scrolling-image-container e-flex elementor-invisible e-con e-parent\" data-id=\"41f4eea\" data-element_type=\"container\" data-e-type=\"container\" data-settings=\"{&quot;animation&quot;:&quot;shake&quot;}\">\n\t\t<div class=\"elementor-element elementor-element-50092b9 e-con-full scrolling-image e-flex e-con e-child\" data-id=\"50092b9\" data-element_type=\"container\" data-e-type=\"container\" data-settings=\"{&quot;background_background&quot;:&quot;classic&quot;,&quot;motion_fx_motion_fx_scrolling&quot;:&quot;yes&quot;,&quot;motion_fx_translateX_effect&quot;:&quot;yes&quot;,&quot;motion_fx_translateX_speed&quot;:{&quot;unit&quot;:&quot;px&quot;,&quot;size&quot;:1.3,&quot;sizes&quot;:[]},&quot;motion_fx_translateX_affectedRange&quot;:{&quot;unit&quot;:&quot;%&quot;,&quot;size&quot;:&quot;&quot;,&quot;sizes&quot;:{&quot;start&quot;:0,&quot;end&quot;:100}},&quot;motion_fx_devices&quot;:[&quot;desktop&quot;,&quot;tablet&quot;,&quot;mobile&quot;]}\">\n\t\t\t\t<\/div>\n\t\t\t\t<\/div>\n\t\t<div class=\"elementor-element elementor-element-a0917e7 e-flex e-con-boxed elementor-invisible e-con e-parent\" data-id=\"a0917e7\" data-element_type=\"container\" data-e-type=\"container\" data-settings=\"{&quot;animation&quot;:&quot;fadeInUp&quot;}\">\n\t\t\t\t\t<div class=\"e-con-inner\">\n\t\t\t\t<div class=\"elementor-element elementor-element-aacaf46 elementor-widget elementor-widget-text-editor\" data-id=\"aacaf46\" data-element_type=\"widget\" data-e-type=\"widget\" data-widget_type=\"text-editor.default\">\n\t\t\t\t<div class=\"elementor-widget-container\">\n\t\t\t\t\t\t\t\t\t<p style=\"text-align: center;\">Wir freuen uns, Sie im M\u00fcnchner Kindl mit einem \u201eKir Royal\u201c bei Ihrer Ankunft begr\u00fc\u00dfen zu d\u00fcrfen. Ihr &#8222;Guest Experience&#8220;-Gastgeber steht Ihnen zur Verf\u00fcgung, um jeden Aspekt Ihres Aufenthalts nach Ihren W\u00fcnschen zu gestalten \u2013 sei es bei Aktivit\u00e4ten im M\u00fcnchner Kindl oder bei Ihren Unternehmungen in M\u00fcnchen.<\/p>\t\t\t\t\t\t\t\t<\/div>\n\t\t\t\t<\/div>\n\t\t\t\t<div class=\"elementor-element elementor-element-31e4b5b button-v1 elementor-widget elementor-widget-text-editor\" data-id=\"31e4b5b\" data-element_type=\"widget\" data-e-type=\"widget\" data-widget_type=\"text-editor.default\">\n\t\t\t\t<div class=\"elementor-widget-container\">\n\t\t\t\t\t\t\t\t\t<a href=\"https:\/\/direct-book.com\/properties\/MuenchnerKindlDIRECT?room_type=336539&#038;locale=de\">Buchen<\/a>\t\t\t\t\t\t\t\t<\/div>\n\t\t\t\t<\/div>\n\t\t\t\t<div class=\"elementor-element elementor-element-c6f725a button-v1 elementor-widget elementor-widget-text-editor\" data-id=\"c6f725a\" data-element_type=\"widget\" data-e-type=\"widget\" data-widget_type=\"text-editor.default\">\n\t\t\t\t<div class=\"elementor-widget-container\">\n\t\t\t\t\t\t\t\t\t<a href=\"https:\/\/hotelmuenchnerkindl.de\/de\/zimmer-suiten\/the-prestige-room\/\">Prestige Room<\/a>\t\t\t\t\t\t\t\t<\/div>\n\t\t\t\t<\/div>\n\t\t\t\t\t<\/div>\n\t\t\t\t<\/div>\n\t\t\t\t<\/div>\n\t\t","protected":false},"excerpt":{"rendered":"<p>The Dandy Suite 30&nbsp;m\u00b2&nbsp; king-size&nbsp;Bett 2&nbsp;G\u00e4ste 30m\u00b2&nbsp;&#8211;&nbsp;king-size&nbsp;Bett&nbsp;&#8211;&nbsp;2&nbsp;G\u00e4ste Die Dandy Suite mit Terrasse ist im eleganten bayerischen Dandy-Stil gestaltet und zeigt sich in T\u00fcrkis- und Moosgr\u00fcnt\u00f6nen. Mit detailreichen Mustern, hochwertigen Materialien und liebevoll ausgew\u00e4hlten Accessoires, die an die Leidenschaft vergangener Gentlemen und moderne Intuition erinnern, bietet diese Suite eine einzigartige Atmosph\u00e4re. Das stilvolle Design und die [&hellip;]<\/p>\n","protected":false},"author":1,"featured_media":0,"parent":4990,"menu_order":0,"comment_status":"closed","ping_status":"closed","template":"","meta":{"footnotes":""},"class_list":["post-5050","page","type-page","status-publish","hentry"],"yoast_head":"<!-- This site is optimized with the Yoast SEO plugin v27.3 - https:\/\/yoast.com\/product\/yoast-seo-wordpress\/ -->\n<title>The Dandy Suite - Hotel M&uuml;nchner Kindl<\/title>\n<meta name=\"robots\" content=\"index, follow, max-snippet:-1, max-image-preview:large, max-video-preview:-1\" \/>\n<link rel=\"canonical\" href=\"https:\/\/hotelmuenchnerkindl.de\/de\/zimmer-suiten\/the-dandy-suite\/\" \/>\n<meta property=\"og:locale\" content=\"de_DE\" \/>\n<meta property=\"og:type\" content=\"article\" \/>\n<meta property=\"og:title\" content=\"The Dandy Suite - Hotel M&uuml;nchner Kindl\" \/>\n<meta property=\"og:description\" content=\"The Dandy Suite 30&nbsp;m\u00b2&nbsp; king-size&nbsp;Bett 2&nbsp;G\u00e4ste 30m\u00b2&nbsp;&#8211;&nbsp;king-size&nbsp;Bett&nbsp;&#8211;&nbsp;2&nbsp;G\u00e4ste Die Dandy Suite mit Terrasse ist im eleganten bayerischen Dandy-Stil gestaltet und zeigt sich in T\u00fcrkis- und Moosgr\u00fcnt\u00f6nen. Mit detailreichen Mustern, hochwertigen Materialien und liebevoll ausgew\u00e4hlten Accessoires, die an die Leidenschaft vergangener Gentlemen und moderne Intuition erinnern, bietet diese Suite eine einzigartige Atmosph\u00e4re. Das stilvolle Design und die [&hellip;]\" \/>\n<meta property=\"og:url\" content=\"https:\/\/hotelmuenchnerkindl.de\/de\/zimmer-suiten\/the-dandy-suite\/\" \/>\n<meta property=\"og:site_name\" content=\"Hotel M&uuml;nchner Kindl\" \/>\n<meta property=\"article:modified_time\" content=\"2024-10-09T16:42:57+00:00\" \/>\n<meta name=\"twitter:card\" content=\"summary_large_image\" \/>\n<meta name=\"twitter:label1\" content=\"Gesch\u00e4tzte Lesezeit\" \/>\n\t<meta name=\"twitter:data1\" content=\"1\u00a0Minute\" \/>\n<script type=\"application\/ld+json\" class=\"yoast-schema-graph\">{\"@context\":\"https:\\\/\\\/schema.org\",\"@graph\":[{\"@type\":\"WebPage\",\"@id\":\"https:\\\/\\\/hotelmuenchnerkindl.de\\\/de\\\/zimmer-suiten\\\/the-dandy-suite\\\/\",\"url\":\"https:\\\/\\\/hotelmuenchnerkindl.de\\\/de\\\/zimmer-suiten\\\/the-dandy-suite\\\/\",\"name\":\"The Dandy Suite - Hotel M&uuml;nchner Kindl\",\"isPartOf\":{\"@id\":\"https:\\\/\\\/hotelmuenchnerkindl.de\\\/de\\\/#website\"},\"datePublished\":\"2024-08-25T20:16:52+00:00\",\"dateModified\":\"2024-10-09T16:42:57+00:00\",\"breadcrumb\":{\"@id\":\"https:\\\/\\\/hotelmuenchnerkindl.de\\\/de\\\/zimmer-suiten\\\/the-dandy-suite\\\/#breadcrumb\"},\"inLanguage\":\"de\",\"potentialAction\":[{\"@type\":\"ReadAction\",\"target\":[\"https:\\\/\\\/hotelmuenchnerkindl.de\\\/de\\\/zimmer-suiten\\\/the-dandy-suite\\\/\"]}]},{\"@type\":\"BreadcrumbList\",\"@id\":\"https:\\\/\\\/hotelmuenchnerkindl.de\\\/de\\\/zimmer-suiten\\\/the-dandy-suite\\\/#breadcrumb\",\"itemListElement\":[{\"@type\":\"ListItem\",\"position\":1,\"name\":\"Startseite\",\"item\":\"https:\\\/\\\/hotelmuenchnerkindl.de\\\/de\\\/\"},{\"@type\":\"ListItem\",\"position\":2,\"name\":\"Zimmer &amp; Suiten\",\"item\":\"https:\\\/\\\/hotelmuenchnerkindl.de\\\/de\\\/zimmer-suiten\\\/\"},{\"@type\":\"ListItem\",\"position\":3,\"name\":\"The Dandy Suite\"}]},{\"@type\":\"WebSite\",\"@id\":\"https:\\\/\\\/hotelmuenchnerkindl.de\\\/de\\\/#website\",\"url\":\"https:\\\/\\\/hotelmuenchnerkindl.de\\\/de\\\/\",\"name\":\"Hotel M\u00fcnchner Kindl\",\"description\":\"House of H&uuml;tter\",\"publisher\":{\"@id\":\"https:\\\/\\\/hotelmuenchnerkindl.de\\\/de\\\/#organization\"},\"potentialAction\":[{\"@type\":\"SearchAction\",\"target\":{\"@type\":\"EntryPoint\",\"urlTemplate\":\"https:\\\/\\\/hotelmuenchnerkindl.de\\\/de\\\/?s={search_term_string}\"},\"query-input\":{\"@type\":\"PropertyValueSpecification\",\"valueRequired\":true,\"valueName\":\"search_term_string\"}}],\"inLanguage\":\"de\"},{\"@type\":\"Organization\",\"@id\":\"https:\\\/\\\/hotelmuenchnerkindl.de\\\/de\\\/#organization\",\"name\":\"Hotel M\u00fcnchner Kindl\",\"url\":\"https:\\\/\\\/hotelmuenchnerkindl.de\\\/de\\\/\",\"logo\":{\"@type\":\"ImageObject\",\"inLanguage\":\"de\",\"@id\":\"https:\\\/\\\/hotelmuenchnerkindl.de\\\/de\\\/#\\\/schema\\\/logo\\\/image\\\/\",\"url\":\"https:\\\/\\\/hotelmuenchnerkindl.de\\\/wp-content\\\/uploads\\\/2024\\\/08\\\/Muenchner-Kindl-Logo.svg\",\"contentUrl\":\"https:\\\/\\\/hotelmuenchnerkindl.de\\\/wp-content\\\/uploads\\\/2024\\\/08\\\/Muenchner-Kindl-Logo.svg\",\"width\":781,\"height\":481,\"caption\":\"Hotel M\u00fcnchner Kindl\"},\"image\":{\"@id\":\"https:\\\/\\\/hotelmuenchnerkindl.de\\\/de\\\/#\\\/schema\\\/logo\\\/image\\\/\"},\"sameAs\":[\"https:\\\/\\\/www.instagram.com\\\/hotelmuenchnerkindl\\\/\"]}]}<\/script>\n<!-- \/ Yoast SEO plugin. -->","yoast_head_json":{"title":"The Dandy Suite - Hotel M&uuml;nchner Kindl","robots":{"index":"index","follow":"follow","max-snippet":"max-snippet:-1","max-image-preview":"max-image-preview:large","max-video-preview":"max-video-preview:-1"},"canonical":"https:\/\/hotelmuenchnerkindl.de\/de\/zimmer-suiten\/the-dandy-suite\/","og_locale":"de_DE","og_type":"article","og_title":"The Dandy Suite - Hotel M&uuml;nchner Kindl","og_description":"The Dandy Suite 30&nbsp;m\u00b2&nbsp; king-size&nbsp;Bett 2&nbsp;G\u00e4ste 30m\u00b2&nbsp;&#8211;&nbsp;king-size&nbsp;Bett&nbsp;&#8211;&nbsp;2&nbsp;G\u00e4ste Die Dandy Suite mit Terrasse ist im eleganten bayerischen Dandy-Stil gestaltet und zeigt sich in T\u00fcrkis- und Moosgr\u00fcnt\u00f6nen. Mit detailreichen Mustern, hochwertigen Materialien und liebevoll ausgew\u00e4hlten Accessoires, die an die Leidenschaft vergangener Gentlemen und moderne Intuition erinnern, bietet diese Suite eine einzigartige Atmosph\u00e4re. Das stilvolle Design und die [&hellip;]","og_url":"https:\/\/hotelmuenchnerkindl.de\/de\/zimmer-suiten\/the-dandy-suite\/","og_site_name":"Hotel M&uuml;nchner Kindl","article_modified_time":"2024-10-09T16:42:57+00:00","twitter_card":"summary_large_image","twitter_misc":{"Gesch\u00e4tzte Lesezeit":"1\u00a0Minute"},"schema":{"@context":"https:\/\/schema.org","@graph":[{"@type":"WebPage","@id":"https:\/\/hotelmuenchnerkindl.de\/de\/zimmer-suiten\/the-dandy-suite\/","url":"https:\/\/hotelmuenchnerkindl.de\/de\/zimmer-suiten\/the-dandy-suite\/","name":"The Dandy Suite - Hotel M&uuml;nchner Kindl","isPartOf":{"@id":"https:\/\/hotelmuenchnerkindl.de\/de\/#website"},"datePublished":"2024-08-25T20:16:52+00:00","dateModified":"2024-10-09T16:42:57+00:00","breadcrumb":{"@id":"https:\/\/hotelmuenchnerkindl.de\/de\/zimmer-suiten\/the-dandy-suite\/#breadcrumb"},"inLanguage":"de","potentialAction":[{"@type":"ReadAction","target":["https:\/\/hotelmuenchnerkindl.de\/de\/zimmer-suiten\/the-dandy-suite\/"]}]},{"@type":"BreadcrumbList","@id":"https:\/\/hotelmuenchnerkindl.de\/de\/zimmer-suiten\/the-dandy-suite\/#breadcrumb","itemListElement":[{"@type":"ListItem","position":1,"name":"Startseite","item":"https:\/\/hotelmuenchnerkindl.de\/de\/"},{"@type":"ListItem","position":2,"name":"Zimmer &amp; Suiten","item":"https:\/\/hotelmuenchnerkindl.de\/de\/zimmer-suiten\/"},{"@type":"ListItem","position":3,"name":"The Dandy Suite"}]},{"@type":"WebSite","@id":"https:\/\/hotelmuenchnerkindl.de\/de\/#website","url":"https:\/\/hotelmuenchnerkindl.de\/de\/","name":"Hotel M\u00fcnchner Kindl","description":"House of H&uuml;tter","publisher":{"@id":"https:\/\/hotelmuenchnerkindl.de\/de\/#organization"},"potentialAction":[{"@type":"SearchAction","target":{"@type":"EntryPoint","urlTemplate":"https:\/\/hotelmuenchnerkindl.de\/de\/?s={search_term_string}"},"query-input":{"@type":"PropertyValueSpecification","valueRequired":true,"valueName":"search_term_string"}}],"inLanguage":"de"},{"@type":"Organization","@id":"https:\/\/hotelmuenchnerkindl.de\/de\/#organization","name":"Hotel M\u00fcnchner Kindl","url":"https:\/\/hotelmuenchnerkindl.de\/de\/","logo":{"@type":"ImageObject","inLanguage":"de","@id":"https:\/\/hotelmuenchnerkindl.de\/de\/#\/schema\/logo\/image\/","url":"https:\/\/hotelmuenchnerkindl.de\/wp-content\/uploads\/2024\/08\/Muenchner-Kindl-Logo.svg","contentUrl":"https:\/\/hotelmuenchnerkindl.de\/wp-content\/uploads\/2024\/08\/Muenchner-Kindl-Logo.svg","width":781,"height":481,"caption":"Hotel M\u00fcnchner Kindl"},"image":{"@id":"https:\/\/hotelmuenchnerkindl.de\/de\/#\/schema\/logo\/image\/"},"sameAs":["https:\/\/www.instagram.com\/hotelmuenchnerkindl\/"]}]}},"_links":{"self":[{"href":"https:\/\/hotelmuenchnerkindl.de\/de\/wp-json\/wp\/v2\/pages\/5050","targetHints":{"allow":["GET"]}}],"collection":[{"href":"https:\/\/hotelmuenchnerkindl.de\/de\/wp-json\/wp\/v2\/pages"}],"about":[{"href":"https:\/\/hotelmuenchnerkindl.de\/de\/wp-json\/wp\/v2\/types\/page"}],"author":[{"embeddable":true,"href":"https:\/\/hotelmuenchnerkindl.de\/de\/wp-json\/wp\/v2\/users\/1"}],"replies":[{"embeddable":true,"href":"https:\/\/hotelmuenchnerkindl.de\/de\/wp-json\/wp\/v2\/comments?post=5050"}],"version-history":[{"count":22,"href":"https:\/\/hotelmuenchnerkindl.de\/de\/wp-json\/wp\/v2\/pages\/5050\/revisions"}],"predecessor-version":[{"id":5501,"href":"https:\/\/hotelmuenchnerkindl.de\/de\/wp-json\/wp\/v2\/pages\/5050\/revisions\/5501"}],"up":[{"embeddable":true,"href":"https:\/\/hotelmuenchnerkindl.de\/de\/wp-json\/wp\/v2\/pages\/4990"}],"wp:attachment":[{"href":"https:\/\/hotelmuenchnerkindl.de\/de\/wp-json\/wp\/v2\/media?parent=5050"}],"curies":[{"name":"wp","href":"https:\/\/api.w.org\/{rel}","templated":true}]}}