{"id":5037,"date":"2024-08-25T17:41:46","date_gmt":"2024-08-25T17:41:46","guid":{"rendered":"https:\/\/hotelmuenchnerkindl.de\/?page_id=5037"},"modified":"2026-03-30T13:12:16","modified_gmt":"2026-03-30T13:12:16","slug":"signature-suite-the-penthouse-atelier","status":"publish","type":"page","link":"https:\/\/hotelmuenchnerkindl.de\/de\/zimmer-suiten\/signature-suite-the-penthouse-atelier\/","title":{"rendered":"Signature Suite \u201cThe Penthouse Atelier\u201d\u00a0"},"content":{"rendered":"\t\t<div data-elementor-type=\"wp-page\" data-elementor-id=\"5037\" class=\"elementor elementor-5037\" data-elementor-post-type=\"page\">\n\t\t\t\t<div class=\"elementor-element elementor-element-3224cba e-con-full stage stage-second e-flex elementor-invisible e-con e-parent\" data-id=\"3224cba\" data-element_type=\"container\" data-e-type=\"container\" data-settings=\"{&quot;background_background&quot;:&quot;classic&quot;,&quot;background_motion_fx_motion_fx_scrolling&quot;:&quot;yes&quot;,&quot;animation&quot;:&quot;fadeIn&quot;,&quot;background_motion_fx_devices&quot;:[&quot;desktop&quot;,&quot;tablet&quot;,&quot;mobile&quot;]}\">\n\t\t\t\t<\/div>\n\t\t<div class=\"elementor-element elementor-element-c518d1a e-con-full e-flex e-con e-parent\" data-id=\"c518d1a\" data-element_type=\"container\" data-e-type=\"container\">\n\t\t\t\t<div class=\"elementor-element elementor-element-31cea3d elementor-align-left breadcrumb elementor-widget elementor-widget-breadcrumbs\" data-id=\"31cea3d\" data-element_type=\"widget\" data-e-type=\"widget\" data-widget_type=\"breadcrumbs.default\">\n\t\t\t\t<div class=\"elementor-widget-container\">\n\t\t\t\t\t<p id=\"breadcrumbs\"><span><span><a href=\"https:\/\/hotelmuenchnerkindl.de\/de\/\">Startseite<\/a><\/span><\/span><\/p>\t\t\t\t<\/div>\n\t\t\t\t<\/div>\n\t\t\t\t<\/div>\n\t\t<div class=\"elementor-element elementor-element-74d648b e-flex e-con-boxed elementor-invisible e-con e-parent\" data-id=\"74d648b\" data-element_type=\"container\" data-e-type=\"container\" data-settings=\"{&quot;animation&quot;:&quot;fadeInUp&quot;}\">\n\t\t\t\t\t<div class=\"e-con-inner\">\n\t\t<div class=\"elementor-element elementor-element-3d7863b e-con-full e-flex e-con e-child\" data-id=\"3d7863b\" data-element_type=\"container\" data-e-type=\"container\">\n\t\t\t\t<div class=\"elementor-element elementor-element-76ad1e3 elementor-widget elementor-widget-text-editor\" data-id=\"76ad1e3\" data-element_type=\"widget\" data-e-type=\"widget\" data-widget_type=\"text-editor.default\">\n\t\t\t\t<div class=\"elementor-widget-container\">\n\t\t\t\t\t\t\t\t\t<h1 style=\"text-align: center;\">The Penthouse Atelier<br>\nSignature Suite<\/h1>\t\t\t\t\t\t\t\t<\/div>\n\t\t\t\t<\/div>\n\t\t\t\t<div class=\"elementor-element elementor-element-548d217 elementor-headline--style-rotate elementor-hidden-desktop elementor-hidden-tablet animated-subheadline elementor-widget elementor-widget-animated-headline\" data-id=\"548d217\" data-element_type=\"widget\" data-e-type=\"widget\" data-settings=\"{&quot;headline_style&quot;:&quot;rotate&quot;,&quot;rotating_text&quot;:&quot;40m\\u00b2\\nextra king-size Bett\\n2 G\\u00e4ste&quot;,&quot;animation_type&quot;:&quot;clip&quot;,&quot;loop&quot;:&quot;yes&quot;,&quot;rotate_iteration_delay&quot;:2500}\" data-widget_type=\"animated-headline.default\">\n\t\t\t\t<div class=\"elementor-widget-container\">\n\t\t\t\t\t\t\t<h3 class=\"elementor-headline elementor-headline-animation-type-clip\">\n\t\t\t\t<span class=\"elementor-headline-dynamic-wrapper elementor-headline-text-wrapper\">\n\t\t\t\t\t<span class=\"elementor-headline-dynamic-text elementor-headline-text-active\">\n\t\t\t\t40m\u00b2\t\t\t<\/span>\n\t\t\t\t\t<span class=\"elementor-headline-dynamic-text\">\n\t\t\t\textra&nbsp;king-size&nbsp;Bett\t\t\t<\/span>\n\t\t\t\t\t<span class=\"elementor-headline-dynamic-text\">\n\t\t\t\t2&nbsp;G\u00e4ste\t\t\t<\/span>\n\t\t\t\t\t\t<\/span>\n\t\t\t\t<\/h3>\n\t\t\t\t\t\t<\/div>\n\t\t\t\t<\/div>\n\t\t\t\t<div class=\"elementor-element elementor-element-fea5d65 elementor-headline--style-rotate elementor-hidden-mobile elementor-widget elementor-widget-animated-headline\" data-id=\"fea5d65\" data-element_type=\"widget\" data-e-type=\"widget\" data-settings=\"{&quot;headline_style&quot;:&quot;rotate&quot;,&quot;rotating_text&quot;:&quot;40m\\u00b2 - extra king-size Bett - 2 G\\u00e4ste&quot;,&quot;animation_type&quot;:&quot;typing&quot;,&quot;loop&quot;:&quot;yes&quot;,&quot;rotate_iteration_delay&quot;:2500}\" data-widget_type=\"animated-headline.default\">\n\t\t\t\t<div class=\"elementor-widget-container\">\n\t\t\t\t\t\t\t<p class=\"elementor-headline elementor-headline-animation-type-typing elementor-headline-letters\">\n\t\t\t\t<span class=\"elementor-headline-dynamic-wrapper elementor-headline-text-wrapper\">\n\t\t\t\t\t<span class=\"elementor-headline-dynamic-text elementor-headline-text-active\">\n\t\t\t\t40m\u00b2&nbsp;-&nbsp;extra&nbsp;king-size&nbsp;Bett&nbsp;-&nbsp;2&nbsp;G\u00e4ste\t\t\t<\/span>\n\t\t\t\t\t\t<\/span>\n\t\t\t\t<\/p>\n\t\t\t\t\t\t<\/div>\n\t\t\t\t<\/div>\n\t\t\t\t<\/div>\n\t\t\t\t\t<\/div>\n\t\t\t\t<\/div>\n\t\t<div class=\"elementor-element elementor-element-29ebe1a e-flex e-con-boxed elementor-invisible e-con e-parent\" data-id=\"29ebe1a\" data-element_type=\"container\" data-e-type=\"container\" data-settings=\"{&quot;animation&quot;:&quot;fadeInUp&quot;}\">\n\t\t\t\t\t<div class=\"e-con-inner\">\n\t\t\t\t<div class=\"elementor-element elementor-element-1619bbe elementor-widget elementor-widget-text-editor\" data-id=\"1619bbe\" data-element_type=\"widget\" data-e-type=\"widget\" data-widget_type=\"text-editor.default\">\n\t\t\t\t<div class=\"elementor-widget-container\">\n\t\t\t\t\t\t\t\t\t<p style=\"text-align: center;\">Diese offene Loft-Suite erstrahlt in fr\u00f6hlichen Orange- und Braunt\u00f6nen, erg\u00e4nzt durch lebendige geometrische Stoffe im Stil der 70er Jahre. Sie verf\u00fcgt \u00fcber eine voll ausgestattete K\u00fcchenzeile, einen Wohn- und Arbeitsbereich, eine kleine Fitness-Ecke und einen gem\u00fctlichen Kamin. Das Extra-King-Size-Bett sowie das Marmorbad mit begehbarer Dusche, Bidet und Badewanne bieten einen atemberaubenden Blick auf die Frauenkirche.<br \/>&#8211; Lassen Sie sich kreativ inspirieren &#8211;<\/p>\t\t\t\t\t\t\t\t<\/div>\n\t\t\t\t<\/div>\n\t\t\t\t<div class=\"elementor-element elementor-element-eaaecb1 button-v1 elementor-widget elementor-widget-text-editor\" data-id=\"eaaecb1\" data-element_type=\"widget\" data-e-type=\"widget\" data-widget_type=\"text-editor.default\">\n\t\t\t\t<div class=\"elementor-widget-container\">\n\t\t\t\t\t\t\t\t\t<a href=\"https:\/\/direct-book.com\/properties\/MuenchnerKindlDIRECT?room_type=336537&#038;locale=de\">Buchen<\/a>\t\t\t\t\t\t\t\t<\/div>\n\t\t\t\t<\/div>\n\t\t\t\t\t<\/div>\n\t\t\t\t<\/div>\n\t\t<div class=\"elementor-element elementor-element-97a6c5c e-con-full scrolling-image-container e-flex elementor-invisible e-con e-parent\" data-id=\"97a6c5c\" data-element_type=\"container\" data-e-type=\"container\" data-settings=\"{&quot;animation&quot;:&quot;shake&quot;}\">\n\t\t<div class=\"elementor-element elementor-element-f74f810 e-con-full scrolling-image e-flex e-con e-child\" data-id=\"f74f810\" data-element_type=\"container\" data-e-type=\"container\" data-settings=\"{&quot;background_background&quot;:&quot;classic&quot;,&quot;motion_fx_motion_fx_scrolling&quot;:&quot;yes&quot;,&quot;motion_fx_translateX_effect&quot;:&quot;yes&quot;,&quot;motion_fx_translateX_speed&quot;:{&quot;unit&quot;:&quot;px&quot;,&quot;size&quot;:1.3,&quot;sizes&quot;:[]},&quot;motion_fx_translateX_affectedRange&quot;:{&quot;unit&quot;:&quot;%&quot;,&quot;size&quot;:&quot;&quot;,&quot;sizes&quot;:{&quot;start&quot;:0,&quot;end&quot;:100}},&quot;motion_fx_devices&quot;:[&quot;desktop&quot;,&quot;tablet&quot;,&quot;mobile&quot;]}\">\n\t\t\t\t<\/div>\n\t\t\t\t<\/div>\n\t\t<div class=\"elementor-element elementor-element-63f5b34 e-flex e-con-boxed e-con e-parent\" data-id=\"63f5b34\" data-element_type=\"container\" data-e-type=\"container\">\n\t\t\t\t\t<div class=\"e-con-inner\">\n\t\t\t\t<div class=\"elementor-element elementor-element-3686767 elementor-invisible elementor-widget elementor-widget-text-editor\" data-id=\"3686767\" data-element_type=\"widget\" data-e-type=\"widget\" data-settings=\"{&quot;_animation&quot;:&quot;fadeInUp&quot;}\" data-widget_type=\"text-editor.default\">\n\t\t\t\t<div class=\"elementor-widget-container\">\n\t\t\t\t\t\t\t\t\t<h2>Ausstattung &#038; Annehmlichkeiten<\/h2>\t\t\t\t\t\t\t\t<\/div>\n\t\t\t\t<\/div>\n\t\t\t\t\t<\/div>\n\t\t\t\t<\/div>\n\t\t<div class=\"elementor-element elementor-element-a4b88cc e-flex e-con-boxed e-con e-parent\" data-id=\"a4b88cc\" data-element_type=\"container\" data-e-type=\"container\">\n\t\t\t\t\t<div class=\"e-con-inner\">\n\t\t<div class=\"elementor-element elementor-element-583e966 e-con-full e-flex e-con e-child\" data-id=\"583e966\" data-element_type=\"container\" data-e-type=\"container\">\n\t\t\t\t<div class=\"elementor-element elementor-element-a87ef6a elementor-invisible elementor-widget elementor-widget-text-editor\" data-id=\"a87ef6a\" data-element_type=\"widget\" data-e-type=\"widget\" data-settings=\"{&quot;_animation&quot;:&quot;fadeInUp&quot;}\" data-widget_type=\"text-editor.default\">\n\t\t\t\t<div class=\"elementor-widget-container\">\n\t\t\t\t\t\t\t\t\t<p>Kamin<\/p><p>Smart-TV<\/p><p>Minibar<\/p><p>Safe<\/p><p>Regenschirm<\/p><p>Dampfgl\u00e4tter<\/p><p>Klimaanlage<\/p><p>Schnelles WLAN<\/p><p>Private Terrasse mit Whirlpool<\/p>\t\t\t\t\t\t\t\t<\/div>\n\t\t\t\t<\/div>\n\t\t\t\t<\/div>\n\t\t<div class=\"elementor-element elementor-element-066737e e-con-full e-flex e-con e-child\" data-id=\"066737e\" data-element_type=\"container\" data-e-type=\"container\">\n\t\t\t\t<div class=\"elementor-element elementor-element-513e1ff elementor-invisible elementor-widget elementor-widget-text-editor\" data-id=\"513e1ff\" data-element_type=\"widget\" data-e-type=\"widget\" data-settings=\"{&quot;_animation&quot;:&quot;fadeInUp&quot;}\" data-widget_type=\"text-editor.default\">\n\t\t\t\t<div class=\"elementor-widget-container\">\n\t\t\t\t\t\t\t\t\t<p><span style=\"font-family: var( --e-global-typography-secondary-font-family ), Sans-serif; font-size: var( --e-global-typography-secondary-font-size ); font-weight: var( --e-global-typography-secondary-font-weight ); text-align: var(--text-align);\">Fitnessger\u00e4t&nbsp;<\/span><\/p><p><span style=\"font-family: var( --e-global-typography-secondary-font-family ), Sans-serif; font-size: var( --e-global-typography-secondary-font-size ); font-weight: var( --e-global-typography-secondary-font-weight ); text-align: var(--text-align);\">SuitePad<\/span><br><\/p>\n<p>Mikrowelle<\/p>\n<p>Kochnische<\/p>\n<p>Tee- und Kaffeezubeh\u00f6r<\/p>\n<p>Weicher Bademantel &amp; Hausschuhe<\/p>\n<p>Ma\u00dfgeschneiderte Pflegeprodukte<\/p>\n<p>Haartrockner<\/p>\t\t\t\t\t\t\t\t<\/div>\n\t\t\t\t<\/div>\n\t\t\t\t<\/div>\n\t\t\t\t\t<\/div>\n\t\t\t\t<\/div>\n\t\t<div class=\"elementor-element elementor-element-41f4eea e-con-full scrolling-image-container e-flex elementor-invisible e-con e-parent\" data-id=\"41f4eea\" data-element_type=\"container\" data-e-type=\"container\" data-settings=\"{&quot;animation&quot;:&quot;shake&quot;}\">\n\t\t<div class=\"elementor-element elementor-element-50092b9 e-con-full scrolling-image e-flex e-con e-child\" data-id=\"50092b9\" data-element_type=\"container\" data-e-type=\"container\" data-settings=\"{&quot;background_background&quot;:&quot;classic&quot;,&quot;motion_fx_motion_fx_scrolling&quot;:&quot;yes&quot;,&quot;motion_fx_translateX_effect&quot;:&quot;yes&quot;,&quot;motion_fx_translateX_speed&quot;:{&quot;unit&quot;:&quot;px&quot;,&quot;size&quot;:1.3,&quot;sizes&quot;:[]},&quot;motion_fx_translateX_affectedRange&quot;:{&quot;unit&quot;:&quot;%&quot;,&quot;size&quot;:&quot;&quot;,&quot;sizes&quot;:{&quot;start&quot;:0,&quot;end&quot;:100}},&quot;motion_fx_devices&quot;:[&quot;desktop&quot;,&quot;tablet&quot;,&quot;mobile&quot;]}\">\n\t\t\t\t<\/div>\n\t\t\t\t<\/div>\n\t\t<div class=\"elementor-element elementor-element-a022412 e-flex e-con-boxed e-con e-parent\" data-id=\"a022412\" data-element_type=\"container\" data-e-type=\"container\">\n\t\t\t\t\t<div class=\"e-con-inner\">\n\t\t\t\t<div class=\"elementor-element elementor-element-48a946b elementor-invisible elementor-widget elementor-widget-text-editor\" data-id=\"48a946b\" data-element_type=\"widget\" data-e-type=\"widget\" data-settings=\"{&quot;_animation&quot;:&quot;fadeInUp&quot;}\" data-widget_type=\"text-editor.default\">\n\t\t\t\t<div class=\"elementor-widget-container\">\n\t\t\t\t\t\t\t\t\t<p style=\"text-align: center;\">Wir freuen uns, Sie im M\u00fcnchner Kindl mit einem \u201eKir Royal\u201c bei Ihrer Ankunft begr\u00fc\u00dfen zu d\u00fcrfen. Ihr &#8222;Guest Experience&#8220;-Gastgeber steht Ihnen zur Verf\u00fcgung, um jeden Aspekt Ihres Aufenthalts nach Ihren W\u00fcnschen zu gestalten \u2013 sei es bei Aktivit\u00e4ten im M\u00fcnchner Kindl oder bei Ihren Unternehmungen in M\u00fcnchen.<\/p>\t\t\t\t\t\t\t\t<\/div>\n\t\t\t\t<\/div>\n\t\t\t\t<div class=\"elementor-element elementor-element-ce60138 button-v1 elementor-invisible elementor-widget elementor-widget-text-editor\" data-id=\"ce60138\" data-element_type=\"widget\" data-e-type=\"widget\" data-settings=\"{&quot;_animation&quot;:&quot;fadeInUp&quot;}\" data-widget_type=\"text-editor.default\">\n\t\t\t\t<div class=\"elementor-widget-container\">\n\t\t\t\t\t\t\t\t\t<a href=\"https:\/\/direct-book.com\/properties\/MuenchnerKindlDIRECT?room_type=336537&#038;locale=de\">Buchen<\/a>\t\t\t\t\t\t\t\t<\/div>\n\t\t\t\t<\/div>\n\t\t\t\t<div class=\"elementor-element elementor-element-f0b4a98 button-v1 elementor-invisible elementor-widget elementor-widget-text-editor\" data-id=\"f0b4a98\" data-element_type=\"widget\" data-e-type=\"widget\" data-settings=\"{&quot;_animation&quot;:&quot;fadeInUp&quot;}\" data-widget_type=\"text-editor.default\">\n\t\t\t\t<div class=\"elementor-widget-container\">\n\t\t\t\t\t\t\t\t\t<a href=\"https:\/\/hotelmuenchnerkindl.de\/de\/zimmer-suiten\/signature-suite-the-emerald-canopy\/\">&#8222;Emerald Canapoy&#8220; Signature Suite <\/a>\t\t\t\t\t\t\t\t<\/div>\n\t\t\t\t<\/div>\n\t\t\t\t\t<\/div>\n\t\t\t\t<\/div>\n\t\t\t\t<\/div>\n\t\t","protected":false},"excerpt":{"rendered":"<p>The Penthouse Atelier Signature Suite 40m\u00b2 extra&nbsp;king-size&nbsp;Bett 2&nbsp;G\u00e4ste 40m\u00b2&nbsp;&#8211;&nbsp;extra&nbsp;king-size&nbsp;Bett&nbsp;&#8211;&nbsp;2&nbsp;G\u00e4ste Diese offene Loft-Suite erstrahlt in fr\u00f6hlichen Orange- und Braunt\u00f6nen, erg\u00e4nzt durch lebendige geometrische Stoffe im Stil der 70er Jahre. Sie verf\u00fcgt \u00fcber eine voll ausgestattete K\u00fcchenzeile, einen Wohn- und Arbeitsbereich, eine kleine Fitness-Ecke und einen gem\u00fctlichen Kamin. Das Extra-King-Size-Bett sowie das Marmorbad mit begehbarer Dusche, Bidet [&hellip;]<\/p>\n","protected":false},"author":1,"featured_media":0,"parent":4990,"menu_order":0,"comment_status":"closed","ping_status":"closed","template":"","meta":{"footnotes":""},"class_list":["post-5037","page","type-page","status-publish","hentry"],"yoast_head":"<!-- This site is optimized with the Yoast SEO plugin v27.3 - https:\/\/yoast.com\/product\/yoast-seo-wordpress\/ -->\n<title>Signature Suite \u201cThe Penthouse Atelier\u201d\u00a0 - Hotel M&uuml;nchner Kindl<\/title>\n<meta name=\"robots\" content=\"index, follow, max-snippet:-1, max-image-preview:large, max-video-preview:-1\" \/>\n<link rel=\"canonical\" href=\"https:\/\/hotelmuenchnerkindl.de\/de\/zimmer-suiten\/signature-suite-the-penthouse-atelier\/\" \/>\n<meta property=\"og:locale\" content=\"de_DE\" \/>\n<meta property=\"og:type\" content=\"article\" \/>\n<meta property=\"og:title\" content=\"Signature Suite \u201cThe Penthouse Atelier\u201d\u00a0 - Hotel M&uuml;nchner Kindl\" \/>\n<meta property=\"og:description\" content=\"The Penthouse Atelier Signature Suite 40m\u00b2 extra&nbsp;king-size&nbsp;Bett 2&nbsp;G\u00e4ste 40m\u00b2&nbsp;&#8211;&nbsp;extra&nbsp;king-size&nbsp;Bett&nbsp;&#8211;&nbsp;2&nbsp;G\u00e4ste Diese offene Loft-Suite erstrahlt in fr\u00f6hlichen Orange- und Braunt\u00f6nen, erg\u00e4nzt durch lebendige geometrische Stoffe im Stil der 70er Jahre. Sie verf\u00fcgt \u00fcber eine voll ausgestattete K\u00fcchenzeile, einen Wohn- und Arbeitsbereich, eine kleine Fitness-Ecke und einen gem\u00fctlichen Kamin. Das Extra-King-Size-Bett sowie das Marmorbad mit begehbarer Dusche, Bidet [&hellip;]\" \/>\n<meta property=\"og:url\" content=\"https:\/\/hotelmuenchnerkindl.de\/de\/zimmer-suiten\/signature-suite-the-penthouse-atelier\/\" \/>\n<meta property=\"og:site_name\" content=\"Hotel M&uuml;nchner Kindl\" \/>\n<meta property=\"article:modified_time\" content=\"2026-03-30T13:12:16+00:00\" \/>\n<meta name=\"twitter:card\" content=\"summary_large_image\" \/>\n<meta name=\"twitter:label1\" content=\"Gesch\u00e4tzte Lesezeit\" \/>\n\t<meta name=\"twitter:data1\" content=\"1\u00a0Minute\" \/>\n<script type=\"application\/ld+json\" class=\"yoast-schema-graph\">{\"@context\":\"https:\\\/\\\/schema.org\",\"@graph\":[{\"@type\":\"WebPage\",\"@id\":\"https:\\\/\\\/hotelmuenchnerkindl.de\\\/de\\\/zimmer-suiten\\\/signature-suite-the-penthouse-atelier\\\/\",\"url\":\"https:\\\/\\\/hotelmuenchnerkindl.de\\\/de\\\/zimmer-suiten\\\/signature-suite-the-penthouse-atelier\\\/\",\"name\":\"Signature Suite \u201cThe Penthouse Atelier\u201d\u00a0 - Hotel M&uuml;nchner Kindl\",\"isPartOf\":{\"@id\":\"https:\\\/\\\/hotelmuenchnerkindl.de\\\/de\\\/#website\"},\"datePublished\":\"2024-08-25T17:41:46+00:00\",\"dateModified\":\"2026-03-30T13:12:16+00:00\",\"breadcrumb\":{\"@id\":\"https:\\\/\\\/hotelmuenchnerkindl.de\\\/de\\\/zimmer-suiten\\\/signature-suite-the-penthouse-atelier\\\/#breadcrumb\"},\"inLanguage\":\"de\",\"potentialAction\":[{\"@type\":\"ReadAction\",\"target\":[\"https:\\\/\\\/hotelmuenchnerkindl.de\\\/de\\\/zimmer-suiten\\\/signature-suite-the-penthouse-atelier\\\/\"]}]},{\"@type\":\"BreadcrumbList\",\"@id\":\"https:\\\/\\\/hotelmuenchnerkindl.de\\\/de\\\/zimmer-suiten\\\/signature-suite-the-penthouse-atelier\\\/#breadcrumb\",\"itemListElement\":[{\"@type\":\"ListItem\",\"position\":1,\"name\":\"Startseite\",\"item\":\"https:\\\/\\\/hotelmuenchnerkindl.de\\\/de\\\/\"},{\"@type\":\"ListItem\",\"position\":2,\"name\":\"Zimmer &amp; Suiten\",\"item\":\"https:\\\/\\\/hotelmuenchnerkindl.de\\\/de\\\/zimmer-suiten\\\/\"},{\"@type\":\"ListItem\",\"position\":3,\"name\":\"Signature Suite \u201cThe Penthouse Atelier\u201d\u00a0\"}]},{\"@type\":\"WebSite\",\"@id\":\"https:\\\/\\\/hotelmuenchnerkindl.de\\\/de\\\/#website\",\"url\":\"https:\\\/\\\/hotelmuenchnerkindl.de\\\/de\\\/\",\"name\":\"Hotel M\u00fcnchner Kindl\",\"description\":\"House of H&uuml;tter\",\"publisher\":{\"@id\":\"https:\\\/\\\/hotelmuenchnerkindl.de\\\/de\\\/#organization\"},\"potentialAction\":[{\"@type\":\"SearchAction\",\"target\":{\"@type\":\"EntryPoint\",\"urlTemplate\":\"https:\\\/\\\/hotelmuenchnerkindl.de\\\/de\\\/?s={search_term_string}\"},\"query-input\":{\"@type\":\"PropertyValueSpecification\",\"valueRequired\":true,\"valueName\":\"search_term_string\"}}],\"inLanguage\":\"de\"},{\"@type\":\"Organization\",\"@id\":\"https:\\\/\\\/hotelmuenchnerkindl.de\\\/de\\\/#organization\",\"name\":\"Hotel M\u00fcnchner Kindl\",\"url\":\"https:\\\/\\\/hotelmuenchnerkindl.de\\\/de\\\/\",\"logo\":{\"@type\":\"ImageObject\",\"inLanguage\":\"de\",\"@id\":\"https:\\\/\\\/hotelmuenchnerkindl.de\\\/de\\\/#\\\/schema\\\/logo\\\/image\\\/\",\"url\":\"https:\\\/\\\/hotelmuenchnerkindl.de\\\/wp-content\\\/uploads\\\/2024\\\/08\\\/Muenchner-Kindl-Logo.svg\",\"contentUrl\":\"https:\\\/\\\/hotelmuenchnerkindl.de\\\/wp-content\\\/uploads\\\/2024\\\/08\\\/Muenchner-Kindl-Logo.svg\",\"width\":781,\"height\":481,\"caption\":\"Hotel M\u00fcnchner Kindl\"},\"image\":{\"@id\":\"https:\\\/\\\/hotelmuenchnerkindl.de\\\/de\\\/#\\\/schema\\\/logo\\\/image\\\/\"},\"sameAs\":[\"https:\\\/\\\/www.instagram.com\\\/hotelmuenchnerkindl\\\/\"]}]}<\/script>\n<!-- \/ Yoast SEO plugin. -->","yoast_head_json":{"title":"Signature Suite \u201cThe Penthouse Atelier\u201d\u00a0 - Hotel M&uuml;nchner Kindl","robots":{"index":"index","follow":"follow","max-snippet":"max-snippet:-1","max-image-preview":"max-image-preview:large","max-video-preview":"max-video-preview:-1"},"canonical":"https:\/\/hotelmuenchnerkindl.de\/de\/zimmer-suiten\/signature-suite-the-penthouse-atelier\/","og_locale":"de_DE","og_type":"article","og_title":"Signature Suite \u201cThe Penthouse Atelier\u201d\u00a0 - Hotel M&uuml;nchner Kindl","og_description":"The Penthouse Atelier Signature Suite 40m\u00b2 extra&nbsp;king-size&nbsp;Bett 2&nbsp;G\u00e4ste 40m\u00b2&nbsp;&#8211;&nbsp;extra&nbsp;king-size&nbsp;Bett&nbsp;&#8211;&nbsp;2&nbsp;G\u00e4ste Diese offene Loft-Suite erstrahlt in fr\u00f6hlichen Orange- und Braunt\u00f6nen, erg\u00e4nzt durch lebendige geometrische Stoffe im Stil der 70er Jahre. Sie verf\u00fcgt \u00fcber eine voll ausgestattete K\u00fcchenzeile, einen Wohn- und Arbeitsbereich, eine kleine Fitness-Ecke und einen gem\u00fctlichen Kamin. Das Extra-King-Size-Bett sowie das Marmorbad mit begehbarer Dusche, Bidet [&hellip;]","og_url":"https:\/\/hotelmuenchnerkindl.de\/de\/zimmer-suiten\/signature-suite-the-penthouse-atelier\/","og_site_name":"Hotel M&uuml;nchner Kindl","article_modified_time":"2026-03-30T13:12:16+00:00","twitter_card":"summary_large_image","twitter_misc":{"Gesch\u00e4tzte Lesezeit":"1\u00a0Minute"},"schema":{"@context":"https:\/\/schema.org","@graph":[{"@type":"WebPage","@id":"https:\/\/hotelmuenchnerkindl.de\/de\/zimmer-suiten\/signature-suite-the-penthouse-atelier\/","url":"https:\/\/hotelmuenchnerkindl.de\/de\/zimmer-suiten\/signature-suite-the-penthouse-atelier\/","name":"Signature Suite \u201cThe Penthouse Atelier\u201d\u00a0 - Hotel M&uuml;nchner Kindl","isPartOf":{"@id":"https:\/\/hotelmuenchnerkindl.de\/de\/#website"},"datePublished":"2024-08-25T17:41:46+00:00","dateModified":"2026-03-30T13:12:16+00:00","breadcrumb":{"@id":"https:\/\/hotelmuenchnerkindl.de\/de\/zimmer-suiten\/signature-suite-the-penthouse-atelier\/#breadcrumb"},"inLanguage":"de","potentialAction":[{"@type":"ReadAction","target":["https:\/\/hotelmuenchnerkindl.de\/de\/zimmer-suiten\/signature-suite-the-penthouse-atelier\/"]}]},{"@type":"BreadcrumbList","@id":"https:\/\/hotelmuenchnerkindl.de\/de\/zimmer-suiten\/signature-suite-the-penthouse-atelier\/#breadcrumb","itemListElement":[{"@type":"ListItem","position":1,"name":"Startseite","item":"https:\/\/hotelmuenchnerkindl.de\/de\/"},{"@type":"ListItem","position":2,"name":"Zimmer &amp; Suiten","item":"https:\/\/hotelmuenchnerkindl.de\/de\/zimmer-suiten\/"},{"@type":"ListItem","position":3,"name":"Signature Suite \u201cThe Penthouse Atelier\u201d\u00a0"}]},{"@type":"WebSite","@id":"https:\/\/hotelmuenchnerkindl.de\/de\/#website","url":"https:\/\/hotelmuenchnerkindl.de\/de\/","name":"Hotel M\u00fcnchner Kindl","description":"House of H&uuml;tter","publisher":{"@id":"https:\/\/hotelmuenchnerkindl.de\/de\/#organization"},"potentialAction":[{"@type":"SearchAction","target":{"@type":"EntryPoint","urlTemplate":"https:\/\/hotelmuenchnerkindl.de\/de\/?s={search_term_string}"},"query-input":{"@type":"PropertyValueSpecification","valueRequired":true,"valueName":"search_term_string"}}],"inLanguage":"de"},{"@type":"Organization","@id":"https:\/\/hotelmuenchnerkindl.de\/de\/#organization","name":"Hotel M\u00fcnchner Kindl","url":"https:\/\/hotelmuenchnerkindl.de\/de\/","logo":{"@type":"ImageObject","inLanguage":"de","@id":"https:\/\/hotelmuenchnerkindl.de\/de\/#\/schema\/logo\/image\/","url":"https:\/\/hotelmuenchnerkindl.de\/wp-content\/uploads\/2024\/08\/Muenchner-Kindl-Logo.svg","contentUrl":"https:\/\/hotelmuenchnerkindl.de\/wp-content\/uploads\/2024\/08\/Muenchner-Kindl-Logo.svg","width":781,"height":481,"caption":"Hotel M\u00fcnchner Kindl"},"image":{"@id":"https:\/\/hotelmuenchnerkindl.de\/de\/#\/schema\/logo\/image\/"},"sameAs":["https:\/\/www.instagram.com\/hotelmuenchnerkindl\/"]}]}},"_links":{"self":[{"href":"https:\/\/hotelmuenchnerkindl.de\/de\/wp-json\/wp\/v2\/pages\/5037","targetHints":{"allow":["GET"]}}],"collection":[{"href":"https:\/\/hotelmuenchnerkindl.de\/de\/wp-json\/wp\/v2\/pages"}],"about":[{"href":"https:\/\/hotelmuenchnerkindl.de\/de\/wp-json\/wp\/v2\/types\/page"}],"author":[{"embeddable":true,"href":"https:\/\/hotelmuenchnerkindl.de\/de\/wp-json\/wp\/v2\/users\/1"}],"replies":[{"embeddable":true,"href":"https:\/\/hotelmuenchnerkindl.de\/de\/wp-json\/wp\/v2\/comments?post=5037"}],"version-history":[{"count":31,"href":"https:\/\/hotelmuenchnerkindl.de\/de\/wp-json\/wp\/v2\/pages\/5037\/revisions"}],"predecessor-version":[{"id":5838,"href":"https:\/\/hotelmuenchnerkindl.de\/de\/wp-json\/wp\/v2\/pages\/5037\/revisions\/5838"}],"up":[{"embeddable":true,"href":"https:\/\/hotelmuenchnerkindl.de\/de\/wp-json\/wp\/v2\/pages\/4990"}],"wp:attachment":[{"href":"https:\/\/hotelmuenchnerkindl.de\/de\/wp-json\/wp\/v2\/media?parent=5037"}],"curies":[{"name":"wp","href":"https:\/\/api.w.org\/{rel}","templated":true}]}}