{"id":5009,"date":"2024-08-25T21:25:57","date_gmt":"2024-08-25T21:25:57","guid":{"rendered":"https:\/\/hotelmuenchnerkindl.de\/?page_id=5009"},"modified":"2024-10-09T16:43:45","modified_gmt":"2024-10-09T16:43:45","slug":"the-prestige-room","status":"publish","type":"page","link":"https:\/\/hotelmuenchnerkindl.de\/de\/zimmer-suiten\/the-prestige-room\/","title":{"rendered":"The Prestige Room"},"content":{"rendered":"\t\t<div data-elementor-type=\"wp-page\" data-elementor-id=\"5009\" class=\"elementor elementor-5009\" data-elementor-post-type=\"page\">\n\t\t\t\t<div class=\"elementor-element elementor-element-3224cba e-con-full stage stage-second e-flex elementor-invisible e-con e-parent\" data-id=\"3224cba\" data-element_type=\"container\" data-e-type=\"container\" data-settings=\"{&quot;background_background&quot;:&quot;classic&quot;,&quot;background_motion_fx_motion_fx_scrolling&quot;:&quot;yes&quot;,&quot;animation&quot;:&quot;fadeIn&quot;,&quot;background_motion_fx_devices&quot;:[&quot;desktop&quot;,&quot;tablet&quot;,&quot;mobile&quot;]}\">\n\t\t\t\t<\/div>\n\t\t<div class=\"elementor-element elementor-element-f738288 e-con-full e-flex e-con e-parent\" data-id=\"f738288\" data-element_type=\"container\" data-e-type=\"container\">\n\t\t\t\t<div class=\"elementor-element elementor-element-aa8e905 elementor-align-left breadcrumb elementor-widget elementor-widget-breadcrumbs\" data-id=\"aa8e905\" data-element_type=\"widget\" data-e-type=\"widget\" data-widget_type=\"breadcrumbs.default\">\n\t\t\t\t<div class=\"elementor-widget-container\">\n\t\t\t\t\t<p id=\"breadcrumbs\"><span><span><a href=\"https:\/\/hotelmuenchnerkindl.de\/de\/\">Startseite<\/a><\/span><\/span><\/p>\t\t\t\t<\/div>\n\t\t\t\t<\/div>\n\t\t\t\t<\/div>\n\t\t<div class=\"elementor-element elementor-element-74d648b e-flex e-con-boxed elementor-invisible e-con e-parent\" data-id=\"74d648b\" data-element_type=\"container\" data-e-type=\"container\" data-settings=\"{&quot;animation&quot;:&quot;fadeInUp&quot;}\">\n\t\t\t\t\t<div class=\"e-con-inner\">\n\t\t<div class=\"elementor-element elementor-element-3d7863b e-con-full e-flex e-con e-child\" data-id=\"3d7863b\" data-element_type=\"container\" data-e-type=\"container\">\n\t\t\t\t<div class=\"elementor-element elementor-element-76ad1e3 elementor-widget elementor-widget-text-editor\" data-id=\"76ad1e3\" data-element_type=\"widget\" data-e-type=\"widget\" data-widget_type=\"text-editor.default\">\n\t\t\t\t<div class=\"elementor-widget-container\">\n\t\t\t\t\t\t\t\t\t<h1 style=\"text-align: center;\">The Prestige Room<\/h1>\t\t\t\t\t\t\t\t<\/div>\n\t\t\t\t<\/div>\n\t\t\t\t<div class=\"elementor-element elementor-element-7d3b20b elementor-headline--style-rotate elementor-hidden-desktop elementor-hidden-tablet animated-subheadline elementor-widget elementor-widget-animated-headline\" data-id=\"7d3b20b\" data-element_type=\"widget\" data-e-type=\"widget\" data-settings=\"{&quot;headline_style&quot;:&quot;rotate&quot;,&quot;rotating_text&quot;:&quot;25m\\u00b2\\nking-size Bett\\n2 G\\u00e4ste&quot;,&quot;animation_type&quot;:&quot;clip&quot;,&quot;loop&quot;:&quot;yes&quot;,&quot;rotate_iteration_delay&quot;:2500}\" data-widget_type=\"animated-headline.default\">\n\t\t\t\t<div class=\"elementor-widget-container\">\n\t\t\t\t\t\t\t<h3 class=\"elementor-headline elementor-headline-animation-type-clip\">\n\t\t\t\t<span class=\"elementor-headline-dynamic-wrapper elementor-headline-text-wrapper\">\n\t\t\t\t\t<span class=\"elementor-headline-dynamic-text elementor-headline-text-active\">\n\t\t\t\t25m\u00b2\t\t\t<\/span>\n\t\t\t\t\t<span class=\"elementor-headline-dynamic-text\">\n\t\t\t\tking-size&nbsp;Bett\t\t\t<\/span>\n\t\t\t\t\t<span class=\"elementor-headline-dynamic-text\">\n\t\t\t\t2&nbsp;G\u00e4ste\t\t\t<\/span>\n\t\t\t\t\t\t<\/span>\n\t\t\t\t<\/h3>\n\t\t\t\t\t\t<\/div>\n\t\t\t\t<\/div>\n\t\t\t\t<div class=\"elementor-element elementor-element-fea5d65 elementor-headline--style-rotate rooms-animated-text elementor-hidden-mobile elementor-widget elementor-widget-animated-headline\" data-id=\"fea5d65\" data-element_type=\"widget\" data-e-type=\"widget\" data-settings=\"{&quot;headline_style&quot;:&quot;rotate&quot;,&quot;rotating_text&quot;:&quot;25m\\u00b2 -  king-size Bett - 2 G\\u00e4ste&quot;,&quot;animation_type&quot;:&quot;typing&quot;,&quot;loop&quot;:&quot;yes&quot;,&quot;rotate_iteration_delay&quot;:2500}\" data-widget_type=\"animated-headline.default\">\n\t\t\t\t<div class=\"elementor-widget-container\">\n\t\t\t\t\t\t\t<p class=\"elementor-headline elementor-headline-animation-type-typing elementor-headline-letters\">\n\t\t\t\t<span class=\"elementor-headline-dynamic-wrapper elementor-headline-text-wrapper\">\n\t\t\t\t\t<span class=\"elementor-headline-dynamic-text elementor-headline-text-active\">\n\t\t\t\t25m\u00b2&nbsp;-&nbsp;&nbsp;king-size&nbsp;Bett&nbsp;-&nbsp;2&nbsp;G\u00e4ste\t\t\t<\/span>\n\t\t\t\t\t\t<\/span>\n\t\t\t\t<\/p>\n\t\t\t\t\t\t<\/div>\n\t\t\t\t<\/div>\n\t\t\t\t<\/div>\n\t\t\t\t\t<\/div>\n\t\t\t\t<\/div>\n\t\t<div class=\"elementor-element elementor-element-29ebe1a e-flex e-con-boxed elementor-invisible e-con e-parent\" data-id=\"29ebe1a\" data-element_type=\"container\" data-e-type=\"container\" data-settings=\"{&quot;animation&quot;:&quot;fadeInUp&quot;}\">\n\t\t\t\t\t<div class=\"e-con-inner\">\n\t\t\t\t<div class=\"elementor-element elementor-element-1619bbe elementor-widget elementor-widget-text-editor\" data-id=\"1619bbe\" data-element_type=\"widget\" data-e-type=\"widget\" data-widget_type=\"text-editor.default\">\n\t\t\t\t<div class=\"elementor-widget-container\">\n\t\t\t\t\t\t\t\t\t<p style=\"text-align: center;\">Das Prestige Zimmer verzaubert mit kr\u00e4ftigen Farben und reichhaltiger Dekoration, die historische und moderne Details nahtlos miteinander verbindet. Dieser intime Raum spiegelt den kreativen Geist M\u00fcnchens wider und bietet eine unverwechselbare Umgebung f\u00fcr luxuri\u00f6se Entspannung. Ma\u00dfgeschneiderte M\u00f6bel und detailreiche Verzierungen schaffen eine traumhafte Atmosph\u00e4re, w\u00e4hrend das King-Size-Bett f\u00fcr h\u00f6chsten Komfort sorgt. Das Marmorbad mit begehbarer Dusche, Bidet und gro\u00dfz\u00fcgigem Waschtisch ist ein Ort der Erholung und des Wohlbefindens.\n<\/p>\t\t\t\t\t\t\t\t<\/div>\n\t\t\t\t<\/div>\n\t\t\t\t<div class=\"elementor-element elementor-element-2f8467c button-v1 elementor-widget elementor-widget-text-editor\" data-id=\"2f8467c\" data-element_type=\"widget\" data-e-type=\"widget\" data-widget_type=\"text-editor.default\">\n\t\t\t\t<div class=\"elementor-widget-container\">\n\t\t\t\t\t\t\t\t\t<a href=\"https:\/\/direct-book.com\/properties\/MuenchnerKindlDIRECT?room_type=336535&#038;locale=de\">Buchen<\/a>\t\t\t\t\t\t\t\t<\/div>\n\t\t\t\t<\/div>\n\t\t\t\t\t<\/div>\n\t\t\t\t<\/div>\n\t\t<div class=\"elementor-element elementor-element-97a6c5c e-con-full scrolling-image-container e-flex elementor-invisible e-con e-parent\" data-id=\"97a6c5c\" data-element_type=\"container\" data-e-type=\"container\" data-settings=\"{&quot;animation&quot;:&quot;shake&quot;}\">\n\t\t<div class=\"elementor-element elementor-element-f74f810 e-con-full scrolling-image e-flex e-con e-child\" data-id=\"f74f810\" data-element_type=\"container\" data-e-type=\"container\" data-settings=\"{&quot;background_background&quot;:&quot;classic&quot;,&quot;motion_fx_motion_fx_scrolling&quot;:&quot;yes&quot;,&quot;motion_fx_translateX_effect&quot;:&quot;yes&quot;,&quot;motion_fx_translateX_speed&quot;:{&quot;unit&quot;:&quot;px&quot;,&quot;size&quot;:1.3,&quot;sizes&quot;:[]},&quot;motion_fx_translateX_affectedRange&quot;:{&quot;unit&quot;:&quot;%&quot;,&quot;size&quot;:&quot;&quot;,&quot;sizes&quot;:{&quot;start&quot;:0,&quot;end&quot;:100}},&quot;motion_fx_devices&quot;:[&quot;desktop&quot;,&quot;tablet&quot;,&quot;mobile&quot;]}\">\n\t\t\t\t<\/div>\n\t\t\t\t<\/div>\n\t\t<div class=\"elementor-element elementor-element-63f5b34 e-flex e-con-boxed e-con e-parent\" data-id=\"63f5b34\" data-element_type=\"container\" data-e-type=\"container\">\n\t\t\t\t\t<div class=\"e-con-inner\">\n\t\t\t\t<div class=\"elementor-element elementor-element-3686767 elementor-invisible elementor-widget elementor-widget-text-editor\" data-id=\"3686767\" data-element_type=\"widget\" data-e-type=\"widget\" data-settings=\"{&quot;_animation&quot;:&quot;fadeInUp&quot;}\" data-widget_type=\"text-editor.default\">\n\t\t\t\t<div class=\"elementor-widget-container\">\n\t\t\t\t\t\t\t\t\t<h2>Ausstattung &#038; Annehmlichkeiten<\/h2>\t\t\t\t\t\t\t\t<\/div>\n\t\t\t\t<\/div>\n\t\t\t\t\t<\/div>\n\t\t\t\t<\/div>\n\t\t<div class=\"elementor-element elementor-element-b9cf92d e-flex e-con-boxed e-con e-parent\" data-id=\"b9cf92d\" data-element_type=\"container\" data-e-type=\"container\">\n\t\t\t\t\t<div class=\"e-con-inner\">\n\t\t<div class=\"elementor-element elementor-element-2747fc4 e-con-full e-flex e-con e-child\" data-id=\"2747fc4\" data-element_type=\"container\" data-e-type=\"container\">\n\t\t\t\t<div class=\"elementor-element elementor-element-e87faf2 elementor-invisible elementor-widget elementor-widget-text-editor\" data-id=\"e87faf2\" data-element_type=\"widget\" data-e-type=\"widget\" data-settings=\"{&quot;_animation&quot;:&quot;fadeInUp&quot;}\" data-widget_type=\"text-editor.default\">\n\t\t\t\t<div class=\"elementor-widget-container\">\n\t\t\t\t\t\t\t\t\t<p>Kamin<\/p>\n<p>Smart-TV<\/p>\n<p>Minibar<\/p>\n<p>Safe<\/p>\n<p>Regenschirm<\/p>\n<p>Dampfgl\u00e4tter<\/p>\n<p>Schnelles WLAN<\/p>\t\t\t\t\t\t\t\t<\/div>\n\t\t\t\t<\/div>\n\t\t\t\t<\/div>\n\t\t<div class=\"elementor-element elementor-element-91e3781 e-con-full e-flex e-con e-child\" data-id=\"91e3781\" data-element_type=\"container\" data-e-type=\"container\">\n\t\t\t\t<div class=\"elementor-element elementor-element-eb9d570 elementor-invisible elementor-widget elementor-widget-text-editor\" data-id=\"eb9d570\" data-element_type=\"widget\" data-e-type=\"widget\" data-settings=\"{&quot;_animation&quot;:&quot;fadeInUp&quot;}\" data-widget_type=\"text-editor.default\">\n\t\t\t\t<div class=\"elementor-widget-container\">\n\t\t\t\t\t\t\t\t\t<p>SuitePad<\/p><p>Tee- und Kaffeezubeh\u00f6r<\/p><p>Weicher Bademantel &amp; Hausschuhe<\/p><p>Ma\u00dfgeschneiderte Pflegeprodukte<\/p><p>Haartrockner<\/p><p>Klimaanlage<\/p>\t\t\t\t\t\t\t\t<\/div>\n\t\t\t\t<\/div>\n\t\t\t\t<\/div>\n\t\t\t\t\t<\/div>\n\t\t\t\t<\/div>\n\t\t<div class=\"elementor-element elementor-element-41f4eea e-con-full scrolling-image-container e-flex elementor-invisible e-con e-parent\" data-id=\"41f4eea\" data-element_type=\"container\" data-e-type=\"container\" data-settings=\"{&quot;animation&quot;:&quot;shake&quot;}\">\n\t\t<div class=\"elementor-element elementor-element-50092b9 e-con-full scrolling-image e-flex e-con e-child\" data-id=\"50092b9\" data-element_type=\"container\" data-e-type=\"container\" data-settings=\"{&quot;background_background&quot;:&quot;classic&quot;,&quot;motion_fx_motion_fx_scrolling&quot;:&quot;yes&quot;,&quot;motion_fx_translateX_effect&quot;:&quot;yes&quot;,&quot;motion_fx_translateX_speed&quot;:{&quot;unit&quot;:&quot;px&quot;,&quot;size&quot;:1.3,&quot;sizes&quot;:[]},&quot;motion_fx_translateX_affectedRange&quot;:{&quot;unit&quot;:&quot;%&quot;,&quot;size&quot;:&quot;&quot;,&quot;sizes&quot;:{&quot;start&quot;:0,&quot;end&quot;:100}},&quot;motion_fx_devices&quot;:[&quot;desktop&quot;,&quot;tablet&quot;,&quot;mobile&quot;]}\">\n\t\t\t\t<\/div>\n\t\t\t\t<\/div>\n\t\t<div class=\"elementor-element elementor-element-a0917e7 e-flex e-con-boxed e-con e-parent\" data-id=\"a0917e7\" data-element_type=\"container\" data-e-type=\"container\">\n\t\t\t\t\t<div class=\"e-con-inner\">\n\t\t\t\t<div class=\"elementor-element elementor-element-aacaf46 elementor-invisible elementor-widget elementor-widget-text-editor\" data-id=\"aacaf46\" data-element_type=\"widget\" data-e-type=\"widget\" data-settings=\"{&quot;_animation&quot;:&quot;fadeInUp&quot;}\" data-widget_type=\"text-editor.default\">\n\t\t\t\t<div class=\"elementor-widget-container\">\n\t\t\t\t\t\t\t\t\t<p style=\"text-align: center;\">Wir freuen uns, Sie im M\u00fcnchner Kindl mit einem \u201eKir Royal\u201c bei Ihrer Ankunft begr\u00fc\u00dfen zu d\u00fcrfen. Ihr &#8222;Guest Experience&#8220;-Gastgeber steht Ihnen zur Verf\u00fcgung, um jeden Aspekt Ihres Aufenthalts nach Ihren W\u00fcnschen zu gestalten \u2013 sei es bei Aktivit\u00e4ten im M\u00fcnchner Kindl oder bei Ihren Unternehmungen in M\u00fcnchen.<\/p>\t\t\t\t\t\t\t\t<\/div>\n\t\t\t\t<\/div>\n\t\t\t\t<div class=\"elementor-element elementor-element-2684035 button-v1 elementor-invisible elementor-widget elementor-widget-text-editor\" data-id=\"2684035\" data-element_type=\"widget\" data-e-type=\"widget\" data-settings=\"{&quot;_animation&quot;:&quot;fadeInUp&quot;}\" data-widget_type=\"text-editor.default\">\n\t\t\t\t<div class=\"elementor-widget-container\">\n\t\t\t\t\t\t\t\t\t<a href=\"https:\/\/direct-book.com\/properties\/MuenchnerKindlDIRECT?room_type=336535&#038;locale=de\">Buchen<\/a>\t\t\t\t\t\t\t\t<\/div>\n\t\t\t\t<\/div>\n\t\t\t\t<div class=\"elementor-element elementor-element-e1a4e24 button-v1 elementor-invisible elementor-widget elementor-widget-text-editor\" data-id=\"e1a4e24\" data-element_type=\"widget\" data-e-type=\"widget\" data-settings=\"{&quot;_animation&quot;:&quot;fadeInUp&quot;}\" data-widget_type=\"text-editor.default\">\n\t\t\t\t<div class=\"elementor-widget-container\">\n\t\t\t\t\t\t\t\t\t<a href=\"https:\/\/hotelmuenchnerkindl.de\/de\/zimmer-suiten\/das-ganze-gaestehaus\/\">Sehen Sie das ganze Gasthaus<\/a>\t\t\t\t\t\t\t\t<\/div>\n\t\t\t\t<\/div>\n\t\t\t\t\t<\/div>\n\t\t\t\t<\/div>\n\t\t<div class=\"elementor-element elementor-element-97fba77 e-con-full scrolling-image-container e-flex elementor-invisible e-con e-parent\" data-id=\"97fba77\" data-element_type=\"container\" data-e-type=\"container\" data-settings=\"{&quot;animation&quot;:&quot;shake&quot;}\">\n\t\t<div class=\"elementor-element elementor-element-c9e685d e-con-full scrolling-image e-flex e-con e-child\" data-id=\"c9e685d\" data-element_type=\"container\" data-e-type=\"container\" data-settings=\"{&quot;background_background&quot;:&quot;classic&quot;,&quot;motion_fx_motion_fx_scrolling&quot;:&quot;yes&quot;,&quot;motion_fx_translateX_effect&quot;:&quot;yes&quot;,&quot;motion_fx_translateX_speed&quot;:{&quot;unit&quot;:&quot;px&quot;,&quot;size&quot;:1.3,&quot;sizes&quot;:[]},&quot;motion_fx_translateX_affectedRange&quot;:{&quot;unit&quot;:&quot;%&quot;,&quot;size&quot;:&quot;&quot;,&quot;sizes&quot;:{&quot;start&quot;:0,&quot;end&quot;:100}},&quot;motion_fx_devices&quot;:[&quot;desktop&quot;,&quot;tablet&quot;,&quot;mobile&quot;]}\">\n\t\t\t\t<\/div>\n\t\t\t\t<\/div>\n\t\t\t\t<\/div>\n\t\t","protected":false},"excerpt":{"rendered":"<p>The Prestige Room 25m\u00b2 king-size&nbsp;Bett 2&nbsp;G\u00e4ste 25m\u00b2&nbsp;&#8211;&nbsp;&nbsp;king-size&nbsp;Bett&nbsp;&#8211;&nbsp;2&nbsp;G\u00e4ste Das Prestige Zimmer verzaubert mit kr\u00e4ftigen Farben und reichhaltiger Dekoration, die historische und moderne Details nahtlos miteinander verbindet. Dieser intime Raum spiegelt den kreativen Geist M\u00fcnchens wider und bietet eine unverwechselbare Umgebung f\u00fcr luxuri\u00f6se Entspannung. Ma\u00dfgeschneiderte M\u00f6bel und detailreiche Verzierungen schaffen eine traumhafte Atmosph\u00e4re, w\u00e4hrend das King-Size-Bett f\u00fcr [&hellip;]<\/p>\n","protected":false},"author":1,"featured_media":0,"parent":4990,"menu_order":0,"comment_status":"closed","ping_status":"closed","template":"","meta":{"footnotes":""},"class_list":["post-5009","page","type-page","status-publish","hentry"],"yoast_head":"<!-- This site is optimized with the Yoast SEO plugin v27.3 - https:\/\/yoast.com\/product\/yoast-seo-wordpress\/ -->\n<title>The Prestige Room - Hotel M&uuml;nchner Kindl<\/title>\n<meta name=\"robots\" content=\"index, follow, max-snippet:-1, max-image-preview:large, max-video-preview:-1\" \/>\n<link rel=\"canonical\" href=\"https:\/\/hotelmuenchnerkindl.de\/de\/zimmer-suiten\/the-prestige-room\/\" \/>\n<meta property=\"og:locale\" content=\"de_DE\" \/>\n<meta property=\"og:type\" content=\"article\" \/>\n<meta property=\"og:title\" content=\"The Prestige Room - Hotel M&uuml;nchner Kindl\" \/>\n<meta property=\"og:description\" content=\"The Prestige Room 25m\u00b2 king-size&nbsp;Bett 2&nbsp;G\u00e4ste 25m\u00b2&nbsp;&#8211;&nbsp;&nbsp;king-size&nbsp;Bett&nbsp;&#8211;&nbsp;2&nbsp;G\u00e4ste Das Prestige Zimmer verzaubert mit kr\u00e4ftigen Farben und reichhaltiger Dekoration, die historische und moderne Details nahtlos miteinander verbindet. Dieser intime Raum spiegelt den kreativen Geist M\u00fcnchens wider und bietet eine unverwechselbare Umgebung f\u00fcr luxuri\u00f6se Entspannung. Ma\u00dfgeschneiderte M\u00f6bel und detailreiche Verzierungen schaffen eine traumhafte Atmosph\u00e4re, w\u00e4hrend das King-Size-Bett f\u00fcr [&hellip;]\" \/>\n<meta property=\"og:url\" content=\"https:\/\/hotelmuenchnerkindl.de\/de\/zimmer-suiten\/the-prestige-room\/\" \/>\n<meta property=\"og:site_name\" content=\"Hotel M&uuml;nchner Kindl\" \/>\n<meta property=\"article:modified_time\" content=\"2024-10-09T16:43:45+00:00\" \/>\n<meta name=\"twitter:card\" content=\"summary_large_image\" \/>\n<meta name=\"twitter:label1\" content=\"Gesch\u00e4tzte Lesezeit\" \/>\n\t<meta name=\"twitter:data1\" content=\"1\u00a0Minute\" \/>\n<script type=\"application\/ld+json\" class=\"yoast-schema-graph\">{\"@context\":\"https:\\\/\\\/schema.org\",\"@graph\":[{\"@type\":\"WebPage\",\"@id\":\"https:\\\/\\\/hotelmuenchnerkindl.de\\\/de\\\/zimmer-suiten\\\/the-prestige-room\\\/\",\"url\":\"https:\\\/\\\/hotelmuenchnerkindl.de\\\/de\\\/zimmer-suiten\\\/the-prestige-room\\\/\",\"name\":\"The Prestige Room - Hotel M&uuml;nchner Kindl\",\"isPartOf\":{\"@id\":\"https:\\\/\\\/hotelmuenchnerkindl.de\\\/de\\\/#website\"},\"datePublished\":\"2024-08-25T21:25:57+00:00\",\"dateModified\":\"2024-10-09T16:43:45+00:00\",\"breadcrumb\":{\"@id\":\"https:\\\/\\\/hotelmuenchnerkindl.de\\\/de\\\/zimmer-suiten\\\/the-prestige-room\\\/#breadcrumb\"},\"inLanguage\":\"de\",\"potentialAction\":[{\"@type\":\"ReadAction\",\"target\":[\"https:\\\/\\\/hotelmuenchnerkindl.de\\\/de\\\/zimmer-suiten\\\/the-prestige-room\\\/\"]}]},{\"@type\":\"BreadcrumbList\",\"@id\":\"https:\\\/\\\/hotelmuenchnerkindl.de\\\/de\\\/zimmer-suiten\\\/the-prestige-room\\\/#breadcrumb\",\"itemListElement\":[{\"@type\":\"ListItem\",\"position\":1,\"name\":\"Startseite\",\"item\":\"https:\\\/\\\/hotelmuenchnerkindl.de\\\/de\\\/\"},{\"@type\":\"ListItem\",\"position\":2,\"name\":\"Zimmer &amp; Suiten\",\"item\":\"https:\\\/\\\/hotelmuenchnerkindl.de\\\/de\\\/zimmer-suiten\\\/\"},{\"@type\":\"ListItem\",\"position\":3,\"name\":\"The Prestige Room\"}]},{\"@type\":\"WebSite\",\"@id\":\"https:\\\/\\\/hotelmuenchnerkindl.de\\\/de\\\/#website\",\"url\":\"https:\\\/\\\/hotelmuenchnerkindl.de\\\/de\\\/\",\"name\":\"Hotel M\u00fcnchner Kindl\",\"description\":\"House of H&uuml;tter\",\"publisher\":{\"@id\":\"https:\\\/\\\/hotelmuenchnerkindl.de\\\/de\\\/#organization\"},\"potentialAction\":[{\"@type\":\"SearchAction\",\"target\":{\"@type\":\"EntryPoint\",\"urlTemplate\":\"https:\\\/\\\/hotelmuenchnerkindl.de\\\/de\\\/?s={search_term_string}\"},\"query-input\":{\"@type\":\"PropertyValueSpecification\",\"valueRequired\":true,\"valueName\":\"search_term_string\"}}],\"inLanguage\":\"de\"},{\"@type\":\"Organization\",\"@id\":\"https:\\\/\\\/hotelmuenchnerkindl.de\\\/de\\\/#organization\",\"name\":\"Hotel M\u00fcnchner Kindl\",\"url\":\"https:\\\/\\\/hotelmuenchnerkindl.de\\\/de\\\/\",\"logo\":{\"@type\":\"ImageObject\",\"inLanguage\":\"de\",\"@id\":\"https:\\\/\\\/hotelmuenchnerkindl.de\\\/de\\\/#\\\/schema\\\/logo\\\/image\\\/\",\"url\":\"https:\\\/\\\/hotelmuenchnerkindl.de\\\/wp-content\\\/uploads\\\/2024\\\/08\\\/Muenchner-Kindl-Logo.svg\",\"contentUrl\":\"https:\\\/\\\/hotelmuenchnerkindl.de\\\/wp-content\\\/uploads\\\/2024\\\/08\\\/Muenchner-Kindl-Logo.svg\",\"width\":781,\"height\":481,\"caption\":\"Hotel M\u00fcnchner Kindl\"},\"image\":{\"@id\":\"https:\\\/\\\/hotelmuenchnerkindl.de\\\/de\\\/#\\\/schema\\\/logo\\\/image\\\/\"},\"sameAs\":[\"https:\\\/\\\/www.instagram.com\\\/hotelmuenchnerkindl\\\/\"]}]}<\/script>\n<!-- \/ Yoast SEO plugin. -->","yoast_head_json":{"title":"The Prestige Room - Hotel M&uuml;nchner Kindl","robots":{"index":"index","follow":"follow","max-snippet":"max-snippet:-1","max-image-preview":"max-image-preview:large","max-video-preview":"max-video-preview:-1"},"canonical":"https:\/\/hotelmuenchnerkindl.de\/de\/zimmer-suiten\/the-prestige-room\/","og_locale":"de_DE","og_type":"article","og_title":"The Prestige Room - Hotel M&uuml;nchner Kindl","og_description":"The Prestige Room 25m\u00b2 king-size&nbsp;Bett 2&nbsp;G\u00e4ste 25m\u00b2&nbsp;&#8211;&nbsp;&nbsp;king-size&nbsp;Bett&nbsp;&#8211;&nbsp;2&nbsp;G\u00e4ste Das Prestige Zimmer verzaubert mit kr\u00e4ftigen Farben und reichhaltiger Dekoration, die historische und moderne Details nahtlos miteinander verbindet. Dieser intime Raum spiegelt den kreativen Geist M\u00fcnchens wider und bietet eine unverwechselbare Umgebung f\u00fcr luxuri\u00f6se Entspannung. Ma\u00dfgeschneiderte M\u00f6bel und detailreiche Verzierungen schaffen eine traumhafte Atmosph\u00e4re, w\u00e4hrend das King-Size-Bett f\u00fcr [&hellip;]","og_url":"https:\/\/hotelmuenchnerkindl.de\/de\/zimmer-suiten\/the-prestige-room\/","og_site_name":"Hotel M&uuml;nchner Kindl","article_modified_time":"2024-10-09T16:43:45+00:00","twitter_card":"summary_large_image","twitter_misc":{"Gesch\u00e4tzte Lesezeit":"1\u00a0Minute"},"schema":{"@context":"https:\/\/schema.org","@graph":[{"@type":"WebPage","@id":"https:\/\/hotelmuenchnerkindl.de\/de\/zimmer-suiten\/the-prestige-room\/","url":"https:\/\/hotelmuenchnerkindl.de\/de\/zimmer-suiten\/the-prestige-room\/","name":"The Prestige Room - Hotel M&uuml;nchner Kindl","isPartOf":{"@id":"https:\/\/hotelmuenchnerkindl.de\/de\/#website"},"datePublished":"2024-08-25T21:25:57+00:00","dateModified":"2024-10-09T16:43:45+00:00","breadcrumb":{"@id":"https:\/\/hotelmuenchnerkindl.de\/de\/zimmer-suiten\/the-prestige-room\/#breadcrumb"},"inLanguage":"de","potentialAction":[{"@type":"ReadAction","target":["https:\/\/hotelmuenchnerkindl.de\/de\/zimmer-suiten\/the-prestige-room\/"]}]},{"@type":"BreadcrumbList","@id":"https:\/\/hotelmuenchnerkindl.de\/de\/zimmer-suiten\/the-prestige-room\/#breadcrumb","itemListElement":[{"@type":"ListItem","position":1,"name":"Startseite","item":"https:\/\/hotelmuenchnerkindl.de\/de\/"},{"@type":"ListItem","position":2,"name":"Zimmer &amp; Suiten","item":"https:\/\/hotelmuenchnerkindl.de\/de\/zimmer-suiten\/"},{"@type":"ListItem","position":3,"name":"The Prestige Room"}]},{"@type":"WebSite","@id":"https:\/\/hotelmuenchnerkindl.de\/de\/#website","url":"https:\/\/hotelmuenchnerkindl.de\/de\/","name":"Hotel M\u00fcnchner Kindl","description":"House of H&uuml;tter","publisher":{"@id":"https:\/\/hotelmuenchnerkindl.de\/de\/#organization"},"potentialAction":[{"@type":"SearchAction","target":{"@type":"EntryPoint","urlTemplate":"https:\/\/hotelmuenchnerkindl.de\/de\/?s={search_term_string}"},"query-input":{"@type":"PropertyValueSpecification","valueRequired":true,"valueName":"search_term_string"}}],"inLanguage":"de"},{"@type":"Organization","@id":"https:\/\/hotelmuenchnerkindl.de\/de\/#organization","name":"Hotel M\u00fcnchner Kindl","url":"https:\/\/hotelmuenchnerkindl.de\/de\/","logo":{"@type":"ImageObject","inLanguage":"de","@id":"https:\/\/hotelmuenchnerkindl.de\/de\/#\/schema\/logo\/image\/","url":"https:\/\/hotelmuenchnerkindl.de\/wp-content\/uploads\/2024\/08\/Muenchner-Kindl-Logo.svg","contentUrl":"https:\/\/hotelmuenchnerkindl.de\/wp-content\/uploads\/2024\/08\/Muenchner-Kindl-Logo.svg","width":781,"height":481,"caption":"Hotel M\u00fcnchner Kindl"},"image":{"@id":"https:\/\/hotelmuenchnerkindl.de\/de\/#\/schema\/logo\/image\/"},"sameAs":["https:\/\/www.instagram.com\/hotelmuenchnerkindl\/"]}]}},"_links":{"self":[{"href":"https:\/\/hotelmuenchnerkindl.de\/de\/wp-json\/wp\/v2\/pages\/5009","targetHints":{"allow":["GET"]}}],"collection":[{"href":"https:\/\/hotelmuenchnerkindl.de\/de\/wp-json\/wp\/v2\/pages"}],"about":[{"href":"https:\/\/hotelmuenchnerkindl.de\/de\/wp-json\/wp\/v2\/types\/page"}],"author":[{"embeddable":true,"href":"https:\/\/hotelmuenchnerkindl.de\/de\/wp-json\/wp\/v2\/users\/1"}],"replies":[{"embeddable":true,"href":"https:\/\/hotelmuenchnerkindl.de\/de\/wp-json\/wp\/v2\/comments?post=5009"}],"version-history":[{"count":35,"href":"https:\/\/hotelmuenchnerkindl.de\/de\/wp-json\/wp\/v2\/pages\/5009\/revisions"}],"predecessor-version":[{"id":5507,"href":"https:\/\/hotelmuenchnerkindl.de\/de\/wp-json\/wp\/v2\/pages\/5009\/revisions\/5507"}],"up":[{"embeddable":true,"href":"https:\/\/hotelmuenchnerkindl.de\/de\/wp-json\/wp\/v2\/pages\/4990"}],"wp:attachment":[{"href":"https:\/\/hotelmuenchnerkindl.de\/de\/wp-json\/wp\/v2\/media?parent=5009"}],"curies":[{"name":"wp","href":"https:\/\/api.w.org\/{rel}","templated":true}]}}