{"id":5000,"date":"2024-08-25T21:34:01","date_gmt":"2024-08-25T21:34:01","guid":{"rendered":"https:\/\/hotelmuenchnerkindl.de\/?page_id=5000"},"modified":"2024-10-08T17:51:07","modified_gmt":"2024-10-08T17:51:07","slug":"das-ganze-gaestehaus","status":"publish","type":"page","link":"https:\/\/hotelmuenchnerkindl.de\/de\/zimmer-suiten\/das-ganze-gaestehaus\/","title":{"rendered":"Das ganze G\u00e4stehaus"},"content":{"rendered":"\t\t<div data-elementor-type=\"wp-page\" data-elementor-id=\"5000\" class=\"elementor elementor-5000\" data-elementor-post-type=\"page\">\n\t\t\t\t<div class=\"elementor-element elementor-element-3224cba e-con-full stage stage-second e-flex e-con e-parent\" data-id=\"3224cba\" data-element_type=\"container\" data-e-type=\"container\" data-settings=\"{&quot;background_background&quot;:&quot;classic&quot;,&quot;background_motion_fx_motion_fx_scrolling&quot;:&quot;yes&quot;,&quot;background_motion_fx_devices&quot;:[&quot;desktop&quot;,&quot;tablet&quot;,&quot;mobile&quot;]}\">\n\t\t\t\t<\/div>\n\t\t<div class=\"elementor-element elementor-element-171da5d e-con-full e-flex e-con e-parent\" data-id=\"171da5d\" data-element_type=\"container\" data-e-type=\"container\">\n\t\t\t\t<div class=\"elementor-element elementor-element-aa8e905 elementor-align-left breadcrumb elementor-widget elementor-widget-breadcrumbs\" data-id=\"aa8e905\" data-element_type=\"widget\" data-e-type=\"widget\" data-widget_type=\"breadcrumbs.default\">\n\t\t\t\t<div class=\"elementor-widget-container\">\n\t\t\t\t\t<p id=\"breadcrumbs\"><span><span><a href=\"https:\/\/hotelmuenchnerkindl.de\/de\/\">Startseite<\/a><\/span><\/span><\/p>\t\t\t\t<\/div>\n\t\t\t\t<\/div>\n\t\t\t\t<\/div>\n\t\t<div class=\"elementor-element elementor-element-74d648b e-flex e-con-boxed e-con e-parent\" data-id=\"74d648b\" data-element_type=\"container\" data-e-type=\"container\">\n\t\t\t\t\t<div class=\"e-con-inner\">\n\t\t<div class=\"elementor-element elementor-element-3d7863b e-con-full e-flex e-con e-child\" data-id=\"3d7863b\" data-element_type=\"container\" data-e-type=\"container\">\n\t\t\t\t<div class=\"elementor-element elementor-element-76ad1e3 elementor-invisible elementor-widget elementor-widget-text-editor\" data-id=\"76ad1e3\" data-element_type=\"widget\" data-e-type=\"widget\" data-settings=\"{&quot;_animation&quot;:&quot;fadeInUp&quot;}\" data-widget_type=\"text-editor.default\">\n\t\t\t\t<div class=\"elementor-widget-container\">\n\t\t\t\t\t\t\t\t\t<h1 style=\"text-align: center;\">Das gesamte Stadthaus<\/h1>\t\t\t\t\t\t\t\t<\/div>\n\t\t\t\t<\/div>\n\t\t\t\t<\/div>\n\t\t\t\t\t<\/div>\n\t\t\t\t<\/div>\n\t\t<div class=\"elementor-element elementor-element-29ebe1a e-flex e-con-boxed e-con e-parent\" data-id=\"29ebe1a\" data-element_type=\"container\" data-e-type=\"container\">\n\t\t\t\t\t<div class=\"e-con-inner\">\n\t\t\t\t<div class=\"elementor-element elementor-element-1619bbe elementor-invisible elementor-widget elementor-widget-text-editor\" data-id=\"1619bbe\" data-element_type=\"widget\" data-e-type=\"widget\" data-settings=\"{&quot;_animation&quot;:&quot;fadeInUp&quot;}\" data-widget_type=\"text-editor.default\">\n\t\t\t\t<div class=\"elementor-widget-container\">\n\t\t\t\t\t\t\t\t\t<p style=\"text-align: center;\">Hebe deine besonderen Momente und Events auf ein neues Niveau, indem du unser exklusives Stadthaus mit 16 Schlafzimmern im Herzen von M\u00fcnchen mietest. Erlebe die Eleganz einer Gentlemen\u2019s-Club-Atmosph\u00e4re, mit multifunktionalen \u00f6ffentlichen Bereichen, die positive Energie ausstrahlen. Schaffe unvergessliche Erinnerungen in einem luxuri\u00f6sen Ambiente, das Eleganz f\u00fcr eine neue Generation neu definiert. Perfekt f\u00fcr private Veranstaltungen, bietet diese einzigartige Location die ultimative Mischung aus Exklusivit\u00e4t und Charme.<\/p>\t\t\t\t\t\t\t\t<\/div>\n\t\t\t\t<\/div>\n\t\t\t\t<div class=\"elementor-element elementor-element-e050f65 button-v1 elementor-invisible elementor-widget elementor-widget-text-editor\" data-id=\"e050f65\" data-element_type=\"widget\" data-e-type=\"widget\" data-settings=\"{&quot;_animation&quot;:&quot;fadeInUp&quot;}\" data-widget_type=\"text-editor.default\">\n\t\t\t\t<div class=\"elementor-widget-container\">\n\t\t\t\t\t\t\t\t\t<a href=\"https:\/\/hotelmuenchnerkindl.de\/de\/kontaktieren-sie-uns\/\">Anfragen<\/a>\t\t\t\t\t\t\t\t<\/div>\n\t\t\t\t<\/div>\n\t\t\t\t<div class=\"elementor-element elementor-element-e3fb777 button-v1 elementor-invisible elementor-widget elementor-widget-text-editor\" data-id=\"e3fb777\" data-element_type=\"widget\" data-e-type=\"widget\" data-settings=\"{&quot;_animation&quot;:&quot;fadeInUp&quot;}\" data-widget_type=\"text-editor.default\">\n\t\t\t\t<div class=\"elementor-widget-container\">\n\t\t\t\t\t\t\t\t\t<a href=\"https:\/\/hotelmuenchnerkindl.de\/de\/zimmer-suiten\/signature-suite-the-penthouse-atelier\/\">&#8222;The Penthouse Atelier&#8220; Signature Suite <\/a>\t\t\t\t\t\t\t\t<\/div>\n\t\t\t\t<\/div>\n\t\t\t\t\t<\/div>\n\t\t\t\t<\/div>\n\t\t\t\t<\/div>\n\t\t","protected":false},"excerpt":{"rendered":"<p>Das gesamte Stadthaus Hebe deine besonderen Momente und Events auf ein neues Niveau, indem du unser exklusives Stadthaus mit 16 Schlafzimmern im Herzen von M\u00fcnchen mietest. Erlebe die Eleganz einer Gentlemen\u2019s-Club-Atmosph\u00e4re, mit multifunktionalen \u00f6ffentlichen Bereichen, die positive Energie ausstrahlen. Schaffe unvergessliche Erinnerungen in einem luxuri\u00f6sen Ambiente, das Eleganz f\u00fcr eine neue Generation neu definiert. Perfekt [&hellip;]<\/p>\n","protected":false},"author":1,"featured_media":0,"parent":4990,"menu_order":0,"comment_status":"closed","ping_status":"closed","template":"","meta":{"footnotes":""},"class_list":["post-5000","page","type-page","status-publish","hentry"],"yoast_head":"<!-- This site is optimized with the Yoast SEO plugin v27.3 - https:\/\/yoast.com\/product\/yoast-seo-wordpress\/ -->\n<title>Das ganze G\u00e4stehaus - Hotel M&uuml;nchner Kindl<\/title>\n<meta name=\"robots\" content=\"index, follow, max-snippet:-1, max-image-preview:large, max-video-preview:-1\" \/>\n<link rel=\"canonical\" href=\"https:\/\/hotelmuenchnerkindl.de\/de\/zimmer-suiten\/das-ganze-gaestehaus\/\" \/>\n<meta property=\"og:locale\" content=\"de_DE\" \/>\n<meta property=\"og:type\" content=\"article\" \/>\n<meta property=\"og:title\" content=\"Das ganze G\u00e4stehaus - Hotel M&uuml;nchner Kindl\" \/>\n<meta property=\"og:description\" content=\"Das gesamte Stadthaus Hebe deine besonderen Momente und Events auf ein neues Niveau, indem du unser exklusives Stadthaus mit 16 Schlafzimmern im Herzen von M\u00fcnchen mietest. Erlebe die Eleganz einer Gentlemen\u2019s-Club-Atmosph\u00e4re, mit multifunktionalen \u00f6ffentlichen Bereichen, die positive Energie ausstrahlen. Schaffe unvergessliche Erinnerungen in einem luxuri\u00f6sen Ambiente, das Eleganz f\u00fcr eine neue Generation neu definiert. Perfekt [&hellip;]\" \/>\n<meta property=\"og:url\" content=\"https:\/\/hotelmuenchnerkindl.de\/de\/zimmer-suiten\/das-ganze-gaestehaus\/\" \/>\n<meta property=\"og:site_name\" content=\"Hotel M&uuml;nchner Kindl\" \/>\n<meta property=\"article:modified_time\" content=\"2024-10-08T17:51:07+00:00\" \/>\n<meta name=\"twitter:card\" content=\"summary_large_image\" \/>\n<meta name=\"twitter:label1\" content=\"Gesch\u00e4tzte Lesezeit\" \/>\n\t<meta name=\"twitter:data1\" content=\"1\u00a0Minute\" \/>\n<script type=\"application\/ld+json\" class=\"yoast-schema-graph\">{\"@context\":\"https:\\\/\\\/schema.org\",\"@graph\":[{\"@type\":\"WebPage\",\"@id\":\"https:\\\/\\\/hotelmuenchnerkindl.de\\\/de\\\/zimmer-suiten\\\/das-ganze-gaestehaus\\\/\",\"url\":\"https:\\\/\\\/hotelmuenchnerkindl.de\\\/de\\\/zimmer-suiten\\\/das-ganze-gaestehaus\\\/\",\"name\":\"Das ganze G\u00e4stehaus - Hotel M&uuml;nchner Kindl\",\"isPartOf\":{\"@id\":\"https:\\\/\\\/hotelmuenchnerkindl.de\\\/de\\\/#website\"},\"datePublished\":\"2024-08-25T21:34:01+00:00\",\"dateModified\":\"2024-10-08T17:51:07+00:00\",\"breadcrumb\":{\"@id\":\"https:\\\/\\\/hotelmuenchnerkindl.de\\\/de\\\/zimmer-suiten\\\/das-ganze-gaestehaus\\\/#breadcrumb\"},\"inLanguage\":\"de\",\"potentialAction\":[{\"@type\":\"ReadAction\",\"target\":[\"https:\\\/\\\/hotelmuenchnerkindl.de\\\/de\\\/zimmer-suiten\\\/das-ganze-gaestehaus\\\/\"]}]},{\"@type\":\"BreadcrumbList\",\"@id\":\"https:\\\/\\\/hotelmuenchnerkindl.de\\\/de\\\/zimmer-suiten\\\/das-ganze-gaestehaus\\\/#breadcrumb\",\"itemListElement\":[{\"@type\":\"ListItem\",\"position\":1,\"name\":\"Startseite\",\"item\":\"https:\\\/\\\/hotelmuenchnerkindl.de\\\/de\\\/\"},{\"@type\":\"ListItem\",\"position\":2,\"name\":\"Zimmer &amp; Suiten\",\"item\":\"https:\\\/\\\/hotelmuenchnerkindl.de\\\/de\\\/zimmer-suiten\\\/\"},{\"@type\":\"ListItem\",\"position\":3,\"name\":\"Das ganze G\u00e4stehaus\"}]},{\"@type\":\"WebSite\",\"@id\":\"https:\\\/\\\/hotelmuenchnerkindl.de\\\/de\\\/#website\",\"url\":\"https:\\\/\\\/hotelmuenchnerkindl.de\\\/de\\\/\",\"name\":\"Hotel M\u00fcnchner Kindl\",\"description\":\"House of H&uuml;tter\",\"publisher\":{\"@id\":\"https:\\\/\\\/hotelmuenchnerkindl.de\\\/de\\\/#organization\"},\"potentialAction\":[{\"@type\":\"SearchAction\",\"target\":{\"@type\":\"EntryPoint\",\"urlTemplate\":\"https:\\\/\\\/hotelmuenchnerkindl.de\\\/de\\\/?s={search_term_string}\"},\"query-input\":{\"@type\":\"PropertyValueSpecification\",\"valueRequired\":true,\"valueName\":\"search_term_string\"}}],\"inLanguage\":\"de\"},{\"@type\":\"Organization\",\"@id\":\"https:\\\/\\\/hotelmuenchnerkindl.de\\\/de\\\/#organization\",\"name\":\"Hotel M\u00fcnchner Kindl\",\"url\":\"https:\\\/\\\/hotelmuenchnerkindl.de\\\/de\\\/\",\"logo\":{\"@type\":\"ImageObject\",\"inLanguage\":\"de\",\"@id\":\"https:\\\/\\\/hotelmuenchnerkindl.de\\\/de\\\/#\\\/schema\\\/logo\\\/image\\\/\",\"url\":\"https:\\\/\\\/hotelmuenchnerkindl.de\\\/wp-content\\\/uploads\\\/2024\\\/08\\\/Muenchner-Kindl-Logo.svg\",\"contentUrl\":\"https:\\\/\\\/hotelmuenchnerkindl.de\\\/wp-content\\\/uploads\\\/2024\\\/08\\\/Muenchner-Kindl-Logo.svg\",\"width\":781,\"height\":481,\"caption\":\"Hotel M\u00fcnchner Kindl\"},\"image\":{\"@id\":\"https:\\\/\\\/hotelmuenchnerkindl.de\\\/de\\\/#\\\/schema\\\/logo\\\/image\\\/\"},\"sameAs\":[\"https:\\\/\\\/www.instagram.com\\\/hotelmuenchnerkindl\\\/\"]}]}<\/script>\n<!-- \/ Yoast SEO plugin. -->","yoast_head_json":{"title":"Das ganze G\u00e4stehaus - Hotel M&uuml;nchner Kindl","robots":{"index":"index","follow":"follow","max-snippet":"max-snippet:-1","max-image-preview":"max-image-preview:large","max-video-preview":"max-video-preview:-1"},"canonical":"https:\/\/hotelmuenchnerkindl.de\/de\/zimmer-suiten\/das-ganze-gaestehaus\/","og_locale":"de_DE","og_type":"article","og_title":"Das ganze G\u00e4stehaus - Hotel M&uuml;nchner Kindl","og_description":"Das gesamte Stadthaus Hebe deine besonderen Momente und Events auf ein neues Niveau, indem du unser exklusives Stadthaus mit 16 Schlafzimmern im Herzen von M\u00fcnchen mietest. Erlebe die Eleganz einer Gentlemen\u2019s-Club-Atmosph\u00e4re, mit multifunktionalen \u00f6ffentlichen Bereichen, die positive Energie ausstrahlen. Schaffe unvergessliche Erinnerungen in einem luxuri\u00f6sen Ambiente, das Eleganz f\u00fcr eine neue Generation neu definiert. Perfekt [&hellip;]","og_url":"https:\/\/hotelmuenchnerkindl.de\/de\/zimmer-suiten\/das-ganze-gaestehaus\/","og_site_name":"Hotel M&uuml;nchner Kindl","article_modified_time":"2024-10-08T17:51:07+00:00","twitter_card":"summary_large_image","twitter_misc":{"Gesch\u00e4tzte Lesezeit":"1\u00a0Minute"},"schema":{"@context":"https:\/\/schema.org","@graph":[{"@type":"WebPage","@id":"https:\/\/hotelmuenchnerkindl.de\/de\/zimmer-suiten\/das-ganze-gaestehaus\/","url":"https:\/\/hotelmuenchnerkindl.de\/de\/zimmer-suiten\/das-ganze-gaestehaus\/","name":"Das ganze G\u00e4stehaus - Hotel M&uuml;nchner Kindl","isPartOf":{"@id":"https:\/\/hotelmuenchnerkindl.de\/de\/#website"},"datePublished":"2024-08-25T21:34:01+00:00","dateModified":"2024-10-08T17:51:07+00:00","breadcrumb":{"@id":"https:\/\/hotelmuenchnerkindl.de\/de\/zimmer-suiten\/das-ganze-gaestehaus\/#breadcrumb"},"inLanguage":"de","potentialAction":[{"@type":"ReadAction","target":["https:\/\/hotelmuenchnerkindl.de\/de\/zimmer-suiten\/das-ganze-gaestehaus\/"]}]},{"@type":"BreadcrumbList","@id":"https:\/\/hotelmuenchnerkindl.de\/de\/zimmer-suiten\/das-ganze-gaestehaus\/#breadcrumb","itemListElement":[{"@type":"ListItem","position":1,"name":"Startseite","item":"https:\/\/hotelmuenchnerkindl.de\/de\/"},{"@type":"ListItem","position":2,"name":"Zimmer &amp; Suiten","item":"https:\/\/hotelmuenchnerkindl.de\/de\/zimmer-suiten\/"},{"@type":"ListItem","position":3,"name":"Das ganze G\u00e4stehaus"}]},{"@type":"WebSite","@id":"https:\/\/hotelmuenchnerkindl.de\/de\/#website","url":"https:\/\/hotelmuenchnerkindl.de\/de\/","name":"Hotel M\u00fcnchner Kindl","description":"House of H&uuml;tter","publisher":{"@id":"https:\/\/hotelmuenchnerkindl.de\/de\/#organization"},"potentialAction":[{"@type":"SearchAction","target":{"@type":"EntryPoint","urlTemplate":"https:\/\/hotelmuenchnerkindl.de\/de\/?s={search_term_string}"},"query-input":{"@type":"PropertyValueSpecification","valueRequired":true,"valueName":"search_term_string"}}],"inLanguage":"de"},{"@type":"Organization","@id":"https:\/\/hotelmuenchnerkindl.de\/de\/#organization","name":"Hotel M\u00fcnchner Kindl","url":"https:\/\/hotelmuenchnerkindl.de\/de\/","logo":{"@type":"ImageObject","inLanguage":"de","@id":"https:\/\/hotelmuenchnerkindl.de\/de\/#\/schema\/logo\/image\/","url":"https:\/\/hotelmuenchnerkindl.de\/wp-content\/uploads\/2024\/08\/Muenchner-Kindl-Logo.svg","contentUrl":"https:\/\/hotelmuenchnerkindl.de\/wp-content\/uploads\/2024\/08\/Muenchner-Kindl-Logo.svg","width":781,"height":481,"caption":"Hotel M\u00fcnchner Kindl"},"image":{"@id":"https:\/\/hotelmuenchnerkindl.de\/de\/#\/schema\/logo\/image\/"},"sameAs":["https:\/\/www.instagram.com\/hotelmuenchnerkindl\/"]}]}},"_links":{"self":[{"href":"https:\/\/hotelmuenchnerkindl.de\/de\/wp-json\/wp\/v2\/pages\/5000","targetHints":{"allow":["GET"]}}],"collection":[{"href":"https:\/\/hotelmuenchnerkindl.de\/de\/wp-json\/wp\/v2\/pages"}],"about":[{"href":"https:\/\/hotelmuenchnerkindl.de\/de\/wp-json\/wp\/v2\/types\/page"}],"author":[{"embeddable":true,"href":"https:\/\/hotelmuenchnerkindl.de\/de\/wp-json\/wp\/v2\/users\/1"}],"replies":[{"embeddable":true,"href":"https:\/\/hotelmuenchnerkindl.de\/de\/wp-json\/wp\/v2\/comments?post=5000"}],"version-history":[{"count":16,"href":"https:\/\/hotelmuenchnerkindl.de\/de\/wp-json\/wp\/v2\/pages\/5000\/revisions"}],"predecessor-version":[{"id":5262,"href":"https:\/\/hotelmuenchnerkindl.de\/de\/wp-json\/wp\/v2\/pages\/5000\/revisions\/5262"}],"up":[{"embeddable":true,"href":"https:\/\/hotelmuenchnerkindl.de\/de\/wp-json\/wp\/v2\/pages\/4990"}],"wp:attachment":[{"href":"https:\/\/hotelmuenchnerkindl.de\/de\/wp-json\/wp\/v2\/media?parent=5000"}],"curies":[{"name":"wp","href":"https:\/\/api.w.org\/{rel}","templated":true}]}}