{"id":4970,"date":"2024-08-15T13:40:54","date_gmt":"2024-08-15T13:40:54","guid":{"rendered":"https:\/\/hotelmuenchnerkindl.de\/?page_id=4970"},"modified":"2024-10-03T20:31:10","modified_gmt":"2024-10-03T20:31:10","slug":"inside-story","status":"publish","type":"page","link":"https:\/\/hotelmuenchnerkindl.de\/de\/inside-story\/","title":{"rendered":"Inside Story"},"content":{"rendered":"\t\t<div data-elementor-type=\"wp-page\" data-elementor-id=\"4970\" class=\"elementor elementor-4970\" data-elementor-post-type=\"page\">\n\t\t\t\t<div class=\"elementor-element elementor-element-e6172e9 e-con-full stage stage-second e-flex elementor-invisible e-con e-parent\" data-id=\"e6172e9\" data-element_type=\"container\" data-e-type=\"container\" data-settings=\"{&quot;background_background&quot;:&quot;classic&quot;,&quot;background_motion_fx_motion_fx_scrolling&quot;:&quot;yes&quot;,&quot;animation&quot;:&quot;fadeIn&quot;,&quot;background_motion_fx_devices&quot;:[&quot;desktop&quot;,&quot;tablet&quot;,&quot;mobile&quot;]}\">\n\t\t\t\t<\/div>\n\t\t<div class=\"elementor-element elementor-element-692bdd4 e-flex e-con-boxed e-con e-parent\" data-id=\"692bdd4\" data-element_type=\"container\" data-e-type=\"container\">\n\t\t\t\t\t<div class=\"e-con-inner\">\n\t\t\t\t<div class=\"elementor-element elementor-element-8fa3c7b elementor-widget elementor-widget-text-editor\" data-id=\"8fa3c7b\" data-element_type=\"widget\" data-e-type=\"widget\" data-widget_type=\"text-editor.default\">\n\t\t\t\t<div class=\"elementor-widget-container\">\n\t\t\t\t\t\t\t\t\t<h2 style=\"text-align: center;\">M\u00fcnchner KINDL<\/h2>\n<h6 style=\"margin-top: -10px; font-size: 13px; color: #e2652a; line-height: 8px; font-family: 'Times New Roman'; text-align: center;\">HOUSE OF H\u00dcTTER<\/h6>\t\t\t\t\t\t\t\t<\/div>\n\t\t\t\t<\/div>\n\t\t\t\t<div class=\"elementor-element elementor-element-612ea63 elementor-headline--style-rotate elementor-hidden-desktop elementor-hidden-tablet elementor-widget elementor-widget-animated-headline\" data-id=\"612ea63\" data-element_type=\"widget\" data-e-type=\"widget\" data-settings=\"{&quot;headline_style&quot;:&quot;rotate&quot;,&quot;rotating_text&quot;:&quot;VIBRANT\\nARTISTIC \\nEXCLUSIVE&quot;,&quot;animation_type&quot;:&quot;typing&quot;,&quot;loop&quot;:&quot;yes&quot;,&quot;rotate_iteration_delay&quot;:2500}\" data-widget_type=\"animated-headline.default\">\n\t\t\t\t<div class=\"elementor-widget-container\">\n\t\t\t\t\t\t\t<h3 class=\"elementor-headline elementor-headline-animation-type-typing elementor-headline-letters\">\n\t\t\t\t<span class=\"elementor-headline-dynamic-wrapper elementor-headline-text-wrapper\">\n\t\t\t\t\t<span class=\"elementor-headline-dynamic-text elementor-headline-text-active\">\n\t\t\t\tVIBRANT\t\t\t<\/span>\n\t\t\t\t\t<span class=\"elementor-headline-dynamic-text\">\n\t\t\t\tARTISTIC&nbsp;\t\t\t<\/span>\n\t\t\t\t\t<span class=\"elementor-headline-dynamic-text\">\n\t\t\t\tEXCLUSIVE\t\t\t<\/span>\n\t\t\t\t\t\t<\/span>\n\t\t\t\t<\/h3>\n\t\t\t\t\t\t<\/div>\n\t\t\t\t<\/div>\n\t\t\t\t<div class=\"elementor-element elementor-element-fe44648 elementor-headline--style-rotate elementor-hidden-mobile elementor-widget elementor-widget-animated-headline\" data-id=\"fe44648\" data-element_type=\"widget\" data-e-type=\"widget\" data-settings=\"{&quot;headline_style&quot;:&quot;rotate&quot;,&quot;rotating_text&quot;:&quot;VIBRANT - ARTISTIC - EXCLUSIVE&quot;,&quot;animation_type&quot;:&quot;typing&quot;,&quot;loop&quot;:&quot;yes&quot;,&quot;rotate_iteration_delay&quot;:2500}\" data-widget_type=\"animated-headline.default\">\n\t\t\t\t<div class=\"elementor-widget-container\">\n\t\t\t\t\t\t\t<h3 class=\"elementor-headline elementor-headline-animation-type-typing elementor-headline-letters\">\n\t\t\t\t<span class=\"elementor-headline-dynamic-wrapper elementor-headline-text-wrapper\">\n\t\t\t\t\t<span class=\"elementor-headline-dynamic-text elementor-headline-text-active\">\n\t\t\t\tVIBRANT&nbsp;-&nbsp;ARTISTIC&nbsp;-&nbsp;EXCLUSIVE\t\t\t<\/span>\n\t\t\t\t\t\t<\/span>\n\t\t\t\t<\/h3>\n\t\t\t\t\t\t<\/div>\n\t\t\t\t<\/div>\n\t\t\t\t\t<\/div>\n\t\t\t\t<\/div>\n\t\t<div class=\"elementor-element elementor-element-a4a2b73 e-flex e-con-boxed e-con e-parent\" data-id=\"a4a2b73\" data-element_type=\"container\" data-e-type=\"container\">\n\t\t\t\t\t<div class=\"e-con-inner\">\n\t\t\t\t<div class=\"elementor-element elementor-element-5316e5c elementor-invisible elementor-widget elementor-widget-text-editor\" data-id=\"5316e5c\" data-element_type=\"widget\" data-e-type=\"widget\" data-settings=\"{&quot;_animation&quot;:&quot;fadeInUp&quot;}\" data-widget_type=\"text-editor.default\">\n\t\t\t\t<div class=\"elementor-widget-container\">\n\t\t\t\t\t\t\t\t\t<p><span class=\"drop-cap\">W<\/span>illkommen im M\u00fcnchner Kindl, einem stilvollen G\u00e4stehaus aus dem 18. Jahrhundert, im Herzen des historischen <span class=\"primary-text-color\">M\u00fcnchens<\/span>.<br \/><span style=\"color: var(--e-global-color-3fca156); text-align: var(--text-align);\">Im <span class=\"house-of-huetter-font\">HOUSE OF H\u00dcTTER<\/span>, M\u00fcnchner Kindl, erwarten Sie zehn exklusive Apartments, sechs luxuri\u00f6se Zimmer, gem\u00fctliche Lounges mit Kaminen und eine Spa-Terrasse unter freiem Himmel. Das M\u00fcnchner Kindl ist ein echtes Kunstwerk und bietet Ihnen ein ganz neues Hotelerlebnis, das auf Privatsph\u00e4re setzt.<\/span><\/p><p>Das <span class=\"primary-text-color\">M\u00dcNCHNER KINDL<\/span> ist ein kleines, feines Hotel, das auf den \u00fcblichen Hotelservice verzichtet und stattdessen auf digitale L\u00f6sungen setzt, um Ihnen einen nachhaltigen und besonderen Aufenthalt zu erm\u00f6glichen. Perfekt f\u00fcr <span class=\"primary-text-color\">alle, die das Besondere suchen<\/span>, liegt das M\u00fcnchner Kindl nur einen kurzen Spaziergang von kulturellen Highlights, Einkaufsm\u00f6glichkeiten und den besten Restaurants der Stadt entfernt.<\/p><p>Unser <span class=\"primary-text-color\">G\u00e4stebetreuer<\/span> steht Ihnen ab der Buchungsbest\u00e4tigung zur Seite und sorgt daf\u00fcr, dass Ihr Aufenthalt in M\u00fcnchen bunt, spannend und unvergesslich wird.<\/p><p>Bei uns tauchen Sie ein in eine <span class=\"primary-text-color\">gem\u00fctliche Atmosph\u00e4re<\/span> mit <span class=\"primary-text-color\">bayerischem Flair<\/span>, das die Exzentrik von K\u00f6nig Ludwig, den k\u00fcnstlerischen Ausdruck des Blauen Reiters und den einzigartigen Stil der 1970er Jahre vereint. Diese besonderen Elemente der M\u00fcnchner Geschichte pr\u00e4gen das Design und den Stil des M\u00fcnchner Kindls und schaffen so einen einzigartigen R\u00fcckzugsort voller \u00dcberraschungen, Freude und <span class=\"primary-text-color\">Charme<\/span>.<\/p><p>Ein bisschen barock, ein bisschen \u00fcppig, witzig und trotzdem elegant \u2013 das M\u00fcnchner Kindl verk\u00f6rpert den lebendigen bayerischen Lebensstil, bei dem <span style=\"color: var(--e-global-color-3fca156); font-family: var(--e-global-typography-secondary-font-family), Sans-serif; font-size: var(--e-global-typography-secondary-font-size); font-weight: var(--e-global-typography-secondary-font-weight); text-align: var(--text-align);\">Haute-Couture-Design<\/span> mit einem <span class=\"primary-text-color\" style=\"font-family: var(--e-global-typography-secondary-font-family), Sans-serif; font-size: var(--e-global-typography-secondary-font-size); text-align: var(--text-align);\">Hauch von Geschichte und einem Augenzwinkern Richtung Zukunft<\/span> kombiniert wird<span style=\"color: var(--e-global-color-3fca156); font-family: var(--e-global-typography-secondary-font-family), Sans-serif; font-size: var(--e-global-typography-secondary-font-size); font-weight: var(--e-global-typography-secondary-font-weight); text-align: var(--text-align);\">.<\/span><\/p><p style=\"text-align: center;\"><span style=\"color: var(--e-global-color-3fca156); font-family: var(--e-global-typography-secondary-font-family), Sans-serif; font-size: var(--e-global-typography-secondary-font-size); font-weight: var(--e-global-typography-secondary-font-weight); text-align: center;\">Der Mix &amp; Match Stil ist das Markenzeichen des\u00a0<\/span><span class=\"house-of-huetter-font\" style=\"font-size: var(--e-global-typography-secondary-font-size); font-weight: var(--e-global-typography-secondary-font-weight); text-align: center;\">HOUSE OF H\u00dcTTER<\/span><span style=\"color: var(--e-global-color-3fca156); font-family: var(--e-global-typography-secondary-font-family), Sans-serif; font-size: var(--e-global-typography-secondary-font-size); font-weight: var(--e-global-typography-secondary-font-weight); text-align: center;\">.<\/span><\/p>\t\t\t\t\t\t\t\t<\/div>\n\t\t\t\t<\/div>\n\t\t<div class=\"elementor-element elementor-element-049c0b3 e-con-full e-flex e-con e-child\" data-id=\"049c0b3\" data-element_type=\"container\" data-e-type=\"container\">\n\t\t\t\t<div class=\"elementor-element elementor-element-87ec3e6 quote elementor-widget elementor-widget-text-editor\" data-id=\"87ec3e6\" data-element_type=\"widget\" data-e-type=\"widget\" data-widget_type=\"text-editor.default\">\n\t\t\t\t<div class=\"elementor-widget-container\">\n\t\t\t\t\t\t\t\t\t<h3 style=\"text-align: center;\">A POTPOURRI OF CONTEMPORARY BAVARIAN FLAIR<\/h3>\t\t\t\t\t\t\t\t<\/div>\n\t\t\t\t<\/div>\n\t\t\t\t<\/div>\n\t\t\t\t\t<\/div>\n\t\t\t\t<\/div>\n\t\t\t\t<\/div>\n\t\t","protected":false},"excerpt":{"rendered":"<p>M\u00fcnchner KINDL HOUSE OF H\u00dcTTER VIBRANT ARTISTIC&nbsp; EXCLUSIVE VIBRANT&nbsp;&#8211;&nbsp;ARTISTIC&nbsp;&#8211;&nbsp;EXCLUSIVE Willkommen im M\u00fcnchner Kindl, einem stilvollen G\u00e4stehaus aus dem 18. Jahrhundert, im Herzen des historischen M\u00fcnchens.Im HOUSE OF H\u00dcTTER, M\u00fcnchner Kindl, erwarten Sie zehn exklusive Apartments, sechs luxuri\u00f6se Zimmer, gem\u00fctliche Lounges mit Kaminen und eine Spa-Terrasse unter freiem Himmel. Das M\u00fcnchner Kindl ist ein echtes Kunstwerk [&hellip;]<\/p>\n","protected":false},"author":1,"featured_media":0,"parent":0,"menu_order":0,"comment_status":"closed","ping_status":"closed","template":"","meta":{"footnotes":""},"class_list":["post-4970","page","type-page","status-publish","hentry"],"yoast_head":"<!-- This site is optimized with the Yoast SEO plugin v27.3 - https:\/\/yoast.com\/product\/yoast-seo-wordpress\/ -->\n<title>Inside Story - Hotel M&uuml;nchner Kindl<\/title>\n<meta name=\"robots\" content=\"index, follow, max-snippet:-1, max-image-preview:large, max-video-preview:-1\" \/>\n<link rel=\"canonical\" href=\"https:\/\/hotelmuenchnerkindl.de\/de\/inside-story\/\" \/>\n<meta property=\"og:locale\" content=\"de_DE\" \/>\n<meta property=\"og:type\" content=\"article\" \/>\n<meta property=\"og:title\" content=\"Inside Story - Hotel M&uuml;nchner Kindl\" \/>\n<meta property=\"og:description\" content=\"M\u00fcnchner KINDL HOUSE OF H\u00dcTTER VIBRANT ARTISTIC&nbsp; EXCLUSIVE VIBRANT&nbsp;&#8211;&nbsp;ARTISTIC&nbsp;&#8211;&nbsp;EXCLUSIVE Willkommen im M\u00fcnchner Kindl, einem stilvollen G\u00e4stehaus aus dem 18. Jahrhundert, im Herzen des historischen M\u00fcnchens.Im HOUSE OF H\u00dcTTER, M\u00fcnchner Kindl, erwarten Sie zehn exklusive Apartments, sechs luxuri\u00f6se Zimmer, gem\u00fctliche Lounges mit Kaminen und eine Spa-Terrasse unter freiem Himmel. Das M\u00fcnchner Kindl ist ein echtes Kunstwerk [&hellip;]\" \/>\n<meta property=\"og:url\" content=\"https:\/\/hotelmuenchnerkindl.de\/de\/inside-story\/\" \/>\n<meta property=\"og:site_name\" content=\"Hotel M&uuml;nchner Kindl\" \/>\n<meta property=\"article:modified_time\" content=\"2024-10-03T20:31:10+00:00\" \/>\n<meta name=\"twitter:card\" content=\"summary_large_image\" \/>\n<meta name=\"twitter:label1\" content=\"Gesch\u00e4tzte Lesezeit\" \/>\n\t<meta name=\"twitter:data1\" content=\"2\u00a0Minuten\" \/>\n<script type=\"application\/ld+json\" class=\"yoast-schema-graph\">{\"@context\":\"https:\\\/\\\/schema.org\",\"@graph\":[{\"@type\":\"WebPage\",\"@id\":\"https:\\\/\\\/hotelmuenchnerkindl.de\\\/de\\\/inside-story\\\/\",\"url\":\"https:\\\/\\\/hotelmuenchnerkindl.de\\\/de\\\/inside-story\\\/\",\"name\":\"Inside Story - Hotel M&uuml;nchner Kindl\",\"isPartOf\":{\"@id\":\"https:\\\/\\\/hotelmuenchnerkindl.de\\\/de\\\/#website\"},\"datePublished\":\"2024-08-15T13:40:54+00:00\",\"dateModified\":\"2024-10-03T20:31:10+00:00\",\"breadcrumb\":{\"@id\":\"https:\\\/\\\/hotelmuenchnerkindl.de\\\/de\\\/inside-story\\\/#breadcrumb\"},\"inLanguage\":\"de\",\"potentialAction\":[{\"@type\":\"ReadAction\",\"target\":[\"https:\\\/\\\/hotelmuenchnerkindl.de\\\/de\\\/inside-story\\\/\"]}]},{\"@type\":\"BreadcrumbList\",\"@id\":\"https:\\\/\\\/hotelmuenchnerkindl.de\\\/de\\\/inside-story\\\/#breadcrumb\",\"itemListElement\":[{\"@type\":\"ListItem\",\"position\":1,\"name\":\"Startseite\",\"item\":\"https:\\\/\\\/hotelmuenchnerkindl.de\\\/de\\\/\"},{\"@type\":\"ListItem\",\"position\":2,\"name\":\"Inside Story\"}]},{\"@type\":\"WebSite\",\"@id\":\"https:\\\/\\\/hotelmuenchnerkindl.de\\\/de\\\/#website\",\"url\":\"https:\\\/\\\/hotelmuenchnerkindl.de\\\/de\\\/\",\"name\":\"Hotel M\u00fcnchner Kindl\",\"description\":\"House of H&uuml;tter\",\"publisher\":{\"@id\":\"https:\\\/\\\/hotelmuenchnerkindl.de\\\/de\\\/#organization\"},\"potentialAction\":[{\"@type\":\"SearchAction\",\"target\":{\"@type\":\"EntryPoint\",\"urlTemplate\":\"https:\\\/\\\/hotelmuenchnerkindl.de\\\/de\\\/?s={search_term_string}\"},\"query-input\":{\"@type\":\"PropertyValueSpecification\",\"valueRequired\":true,\"valueName\":\"search_term_string\"}}],\"inLanguage\":\"de\"},{\"@type\":\"Organization\",\"@id\":\"https:\\\/\\\/hotelmuenchnerkindl.de\\\/de\\\/#organization\",\"name\":\"Hotel M\u00fcnchner Kindl\",\"url\":\"https:\\\/\\\/hotelmuenchnerkindl.de\\\/de\\\/\",\"logo\":{\"@type\":\"ImageObject\",\"inLanguage\":\"de\",\"@id\":\"https:\\\/\\\/hotelmuenchnerkindl.de\\\/de\\\/#\\\/schema\\\/logo\\\/image\\\/\",\"url\":\"https:\\\/\\\/hotelmuenchnerkindl.de\\\/wp-content\\\/uploads\\\/2024\\\/08\\\/Muenchner-Kindl-Logo.svg\",\"contentUrl\":\"https:\\\/\\\/hotelmuenchnerkindl.de\\\/wp-content\\\/uploads\\\/2024\\\/08\\\/Muenchner-Kindl-Logo.svg\",\"width\":781,\"height\":481,\"caption\":\"Hotel M\u00fcnchner Kindl\"},\"image\":{\"@id\":\"https:\\\/\\\/hotelmuenchnerkindl.de\\\/de\\\/#\\\/schema\\\/logo\\\/image\\\/\"},\"sameAs\":[\"https:\\\/\\\/www.instagram.com\\\/hotelmuenchnerkindl\\\/\"]}]}<\/script>\n<!-- \/ Yoast SEO plugin. -->","yoast_head_json":{"title":"Inside Story - Hotel M&uuml;nchner Kindl","robots":{"index":"index","follow":"follow","max-snippet":"max-snippet:-1","max-image-preview":"max-image-preview:large","max-video-preview":"max-video-preview:-1"},"canonical":"https:\/\/hotelmuenchnerkindl.de\/de\/inside-story\/","og_locale":"de_DE","og_type":"article","og_title":"Inside Story - Hotel M&uuml;nchner Kindl","og_description":"M\u00fcnchner KINDL HOUSE OF H\u00dcTTER VIBRANT ARTISTIC&nbsp; EXCLUSIVE VIBRANT&nbsp;&#8211;&nbsp;ARTISTIC&nbsp;&#8211;&nbsp;EXCLUSIVE Willkommen im M\u00fcnchner Kindl, einem stilvollen G\u00e4stehaus aus dem 18. Jahrhundert, im Herzen des historischen M\u00fcnchens.Im HOUSE OF H\u00dcTTER, M\u00fcnchner Kindl, erwarten Sie zehn exklusive Apartments, sechs luxuri\u00f6se Zimmer, gem\u00fctliche Lounges mit Kaminen und eine Spa-Terrasse unter freiem Himmel. Das M\u00fcnchner Kindl ist ein echtes Kunstwerk [&hellip;]","og_url":"https:\/\/hotelmuenchnerkindl.de\/de\/inside-story\/","og_site_name":"Hotel M&uuml;nchner Kindl","article_modified_time":"2024-10-03T20:31:10+00:00","twitter_card":"summary_large_image","twitter_misc":{"Gesch\u00e4tzte Lesezeit":"2\u00a0Minuten"},"schema":{"@context":"https:\/\/schema.org","@graph":[{"@type":"WebPage","@id":"https:\/\/hotelmuenchnerkindl.de\/de\/inside-story\/","url":"https:\/\/hotelmuenchnerkindl.de\/de\/inside-story\/","name":"Inside Story - Hotel M&uuml;nchner Kindl","isPartOf":{"@id":"https:\/\/hotelmuenchnerkindl.de\/de\/#website"},"datePublished":"2024-08-15T13:40:54+00:00","dateModified":"2024-10-03T20:31:10+00:00","breadcrumb":{"@id":"https:\/\/hotelmuenchnerkindl.de\/de\/inside-story\/#breadcrumb"},"inLanguage":"de","potentialAction":[{"@type":"ReadAction","target":["https:\/\/hotelmuenchnerkindl.de\/de\/inside-story\/"]}]},{"@type":"BreadcrumbList","@id":"https:\/\/hotelmuenchnerkindl.de\/de\/inside-story\/#breadcrumb","itemListElement":[{"@type":"ListItem","position":1,"name":"Startseite","item":"https:\/\/hotelmuenchnerkindl.de\/de\/"},{"@type":"ListItem","position":2,"name":"Inside Story"}]},{"@type":"WebSite","@id":"https:\/\/hotelmuenchnerkindl.de\/de\/#website","url":"https:\/\/hotelmuenchnerkindl.de\/de\/","name":"Hotel M\u00fcnchner Kindl","description":"House of H&uuml;tter","publisher":{"@id":"https:\/\/hotelmuenchnerkindl.de\/de\/#organization"},"potentialAction":[{"@type":"SearchAction","target":{"@type":"EntryPoint","urlTemplate":"https:\/\/hotelmuenchnerkindl.de\/de\/?s={search_term_string}"},"query-input":{"@type":"PropertyValueSpecification","valueRequired":true,"valueName":"search_term_string"}}],"inLanguage":"de"},{"@type":"Organization","@id":"https:\/\/hotelmuenchnerkindl.de\/de\/#organization","name":"Hotel M\u00fcnchner Kindl","url":"https:\/\/hotelmuenchnerkindl.de\/de\/","logo":{"@type":"ImageObject","inLanguage":"de","@id":"https:\/\/hotelmuenchnerkindl.de\/de\/#\/schema\/logo\/image\/","url":"https:\/\/hotelmuenchnerkindl.de\/wp-content\/uploads\/2024\/08\/Muenchner-Kindl-Logo.svg","contentUrl":"https:\/\/hotelmuenchnerkindl.de\/wp-content\/uploads\/2024\/08\/Muenchner-Kindl-Logo.svg","width":781,"height":481,"caption":"Hotel M\u00fcnchner Kindl"},"image":{"@id":"https:\/\/hotelmuenchnerkindl.de\/de\/#\/schema\/logo\/image\/"},"sameAs":["https:\/\/www.instagram.com\/hotelmuenchnerkindl\/"]}]}},"_links":{"self":[{"href":"https:\/\/hotelmuenchnerkindl.de\/de\/wp-json\/wp\/v2\/pages\/4970","targetHints":{"allow":["GET"]}}],"collection":[{"href":"https:\/\/hotelmuenchnerkindl.de\/de\/wp-json\/wp\/v2\/pages"}],"about":[{"href":"https:\/\/hotelmuenchnerkindl.de\/de\/wp-json\/wp\/v2\/types\/page"}],"author":[{"embeddable":true,"href":"https:\/\/hotelmuenchnerkindl.de\/de\/wp-json\/wp\/v2\/users\/1"}],"replies":[{"embeddable":true,"href":"https:\/\/hotelmuenchnerkindl.de\/de\/wp-json\/wp\/v2\/comments?post=4970"}],"version-history":[{"count":8,"href":"https:\/\/hotelmuenchnerkindl.de\/de\/wp-json\/wp\/v2\/pages\/4970\/revisions"}],"predecessor-version":[{"id":5243,"href":"https:\/\/hotelmuenchnerkindl.de\/de\/wp-json\/wp\/v2\/pages\/4970\/revisions\/5243"}],"wp:attachment":[{"href":"https:\/\/hotelmuenchnerkindl.de\/de\/wp-json\/wp\/v2\/media?parent=4970"}],"curies":[{"name":"wp","href":"https:\/\/api.w.org\/{rel}","templated":true}]}}