{"id":4961,"date":"2024-09-01T21:44:18","date_gmt":"2024-09-01T21:44:18","guid":{"rendered":"https:\/\/hotelmuenchnerkindl.de\/?page_id=4961"},"modified":"2025-01-17T13:03:20","modified_gmt":"2025-01-17T13:03:20","slug":"impressum","status":"publish","type":"page","link":"https:\/\/hotelmuenchnerkindl.de\/de\/impressum\/","title":{"rendered":"Impressum"},"content":{"rendered":"\t\t<div data-elementor-type=\"wp-page\" data-elementor-id=\"4961\" class=\"elementor elementor-4961\" data-elementor-post-type=\"page\">\n\t\t\t\t<div class=\"elementor-element elementor-element-86cb4a7 e-con-full e-flex e-con e-parent\" data-id=\"86cb4a7\" data-element_type=\"container\" data-e-type=\"container\">\n\t\t\t\t<div class=\"elementor-element elementor-element-edac8f9 elementor-align-left breadcrumb elementor-widget elementor-widget-breadcrumbs\" data-id=\"edac8f9\" data-element_type=\"widget\" data-e-type=\"widget\" data-widget_type=\"breadcrumbs.default\">\n\t\t\t\t<div class=\"elementor-widget-container\">\n\t\t\t\t\t<p id=\"breadcrumbs\"><span><span><a href=\"https:\/\/hotelmuenchnerkindl.de\/de\/\">Startseite<\/a><\/span><\/span><\/p>\t\t\t\t<\/div>\n\t\t\t\t<\/div>\n\t\t\t\t<\/div>\n\t\t<div class=\"elementor-element elementor-element-262084a e-flex e-con-boxed e-con e-parent\" data-id=\"262084a\" data-element_type=\"container\" data-e-type=\"container\">\n\t\t\t\t\t<div class=\"e-con-inner\">\n\t\t\t\t<div class=\"elementor-element elementor-element-25e3e7e elementor-widget elementor-widget-text-editor\" data-id=\"25e3e7e\" data-element_type=\"widget\" data-e-type=\"widget\" data-widget_type=\"text-editor.default\">\n\t\t\t\t<div class=\"elementor-widget-container\">\n\t\t\t\t\t\t\t\t\t<h1>Impressum<\/h1>\n<p>H\u00fctter Hotelbetriebs GmbH<br>Ziegelh\u00e4user Landstr. 63<br>69120 Heidelberg<\/p>\n<p>Handelsregister: HRB752079<br>Registergericht: Amtsgericht Mannheim<\/p>\n<p><strong>Vertreten durch:<\/strong><br>Peter H\u00fctter<\/p>\n<h2>Kontakt<\/h2>\n<p>Telefon: +496221655650<br>E-Mail: mk@houseofhuetter.com<\/p>\n<h2>Umsatzsteuer-ID<\/h2>\n<p>Umsatzsteuer-Identifikationsnummer gem\u00e4\u00df \u00a7 27 a Umsatzsteuergesetz:&nbsp;<span style=\"color: rgb(31, 73, 125); font-family: Calibri, sans-serif; font-size: 14.6667px; font-weight: var( --e-global-typography-text-font-weight ); text-align: var(--text-align);\">DE370184939<\/span><br><\/p>\n<h2>EU-Streitschlichtung<\/h2>\n<p>Die Europ\u00e4ische Kommission stellt eine Plattform zur Online-Streitbeilegung (OS) bereit: <a href=\"https:\/\/ec.europa.eu\/consumers\/odr\/\" target=\"_blank\" rel=\"noopener noreferrer\">https:\/\/ec.europa.eu\/consumers\/odr\/<\/a>.<br>Unsere E-Mail-Adresse finden Sie oben im Impressum.<\/p>\n<h2>Verbraucher\u00adstreit\u00adbeilegung\/Universal\u00adschlichtungs\u00adstelle<\/h2>\n<p>Wir sind nicht bereit oder verpflichtet, an Streitbeilegungsverfahren vor einer Verbraucherschlichtungsstelle teilzunehmen.<\/p>\t\t\t\t\t\t\t\t<\/div>\n\t\t\t\t<\/div>\n\t\t\t\t\t<\/div>\n\t\t\t\t<\/div>\n\t\t\t\t<\/div>\n\t\t","protected":false},"excerpt":{"rendered":"<p>Impressum H\u00fctter Hotelbetriebs GmbHZiegelh\u00e4user Landstr. 6369120 Heidelberg Handelsregister: HRB752079Registergericht: Amtsgericht Mannheim Vertreten durch:Peter H\u00fctter Kontakt Telefon: +496221655650E-Mail: mk@houseofhuetter.com Umsatzsteuer-ID Umsatzsteuer-Identifikationsnummer gem\u00e4\u00df \u00a7 27 a Umsatzsteuergesetz:&nbsp;DE370184939 EU-Streitschlichtung Die Europ\u00e4ische Kommission stellt eine Plattform zur Online-Streitbeilegung (OS) bereit: https:\/\/ec.europa.eu\/consumers\/odr\/.Unsere E-Mail-Adresse finden Sie oben im Impressum. Verbraucher\u00adstreit\u00adbeilegung\/Universal\u00adschlichtungs\u00adstelle Wir sind nicht bereit oder verpflichtet, an Streitbeilegungsverfahren vor einer Verbraucherschlichtungsstelle [&hellip;]<\/p>\n","protected":false},"author":1,"featured_media":0,"parent":0,"menu_order":0,"comment_status":"closed","ping_status":"closed","template":"","meta":{"footnotes":""},"class_list":["post-4961","page","type-page","status-publish","hentry"],"yoast_head":"<!-- This site is optimized with the Yoast SEO plugin v27.3 - https:\/\/yoast.com\/product\/yoast-seo-wordpress\/ -->\n<title>Impressum - Hotel M&uuml;nchner Kindl<\/title>\n<meta name=\"robots\" content=\"index, follow, max-snippet:-1, max-image-preview:large, max-video-preview:-1\" \/>\n<link rel=\"canonical\" href=\"https:\/\/hotelmuenchnerkindl.de\/de\/impressum\/\" \/>\n<meta property=\"og:locale\" content=\"de_DE\" \/>\n<meta property=\"og:type\" content=\"article\" \/>\n<meta property=\"og:title\" content=\"Impressum - Hotel M&uuml;nchner Kindl\" \/>\n<meta property=\"og:description\" content=\"Impressum H\u00fctter Hotelbetriebs GmbHZiegelh\u00e4user Landstr. 6369120 Heidelberg Handelsregister: HRB752079Registergericht: Amtsgericht Mannheim Vertreten durch:Peter H\u00fctter Kontakt Telefon: +496221655650E-Mail: mk@houseofhuetter.com Umsatzsteuer-ID Umsatzsteuer-Identifikationsnummer gem\u00e4\u00df \u00a7 27 a Umsatzsteuergesetz:&nbsp;DE370184939 EU-Streitschlichtung Die Europ\u00e4ische Kommission stellt eine Plattform zur Online-Streitbeilegung (OS) bereit: https:\/\/ec.europa.eu\/consumers\/odr\/.Unsere E-Mail-Adresse finden Sie oben im Impressum. Verbraucher\u00adstreit\u00adbeilegung\/Universal\u00adschlichtungs\u00adstelle Wir sind nicht bereit oder verpflichtet, an Streitbeilegungsverfahren vor einer Verbraucherschlichtungsstelle [&hellip;]\" \/>\n<meta property=\"og:url\" content=\"https:\/\/hotelmuenchnerkindl.de\/de\/impressum\/\" \/>\n<meta property=\"og:site_name\" content=\"Hotel M&uuml;nchner Kindl\" \/>\n<meta property=\"article:modified_time\" content=\"2025-01-17T13:03:20+00:00\" \/>\n<meta name=\"twitter:card\" content=\"summary_large_image\" \/>\n<meta name=\"twitter:label1\" content=\"Gesch\u00e4tzte Lesezeit\" \/>\n\t<meta name=\"twitter:data1\" content=\"1\u00a0Minute\" \/>\n<script type=\"application\/ld+json\" class=\"yoast-schema-graph\">{\"@context\":\"https:\\\/\\\/schema.org\",\"@graph\":[{\"@type\":\"WebPage\",\"@id\":\"https:\\\/\\\/hotelmuenchnerkindl.de\\\/de\\\/impressum\\\/\",\"url\":\"https:\\\/\\\/hotelmuenchnerkindl.de\\\/de\\\/impressum\\\/\",\"name\":\"Impressum - Hotel M&uuml;nchner Kindl\",\"isPartOf\":{\"@id\":\"https:\\\/\\\/hotelmuenchnerkindl.de\\\/de\\\/#website\"},\"datePublished\":\"2024-09-01T21:44:18+00:00\",\"dateModified\":\"2025-01-17T13:03:20+00:00\",\"breadcrumb\":{\"@id\":\"https:\\\/\\\/hotelmuenchnerkindl.de\\\/de\\\/impressum\\\/#breadcrumb\"},\"inLanguage\":\"de\",\"potentialAction\":[{\"@type\":\"ReadAction\",\"target\":[\"https:\\\/\\\/hotelmuenchnerkindl.de\\\/de\\\/impressum\\\/\"]}]},{\"@type\":\"BreadcrumbList\",\"@id\":\"https:\\\/\\\/hotelmuenchnerkindl.de\\\/de\\\/impressum\\\/#breadcrumb\",\"itemListElement\":[{\"@type\":\"ListItem\",\"position\":1,\"name\":\"Startseite\",\"item\":\"https:\\\/\\\/hotelmuenchnerkindl.de\\\/de\\\/\"},{\"@type\":\"ListItem\",\"position\":2,\"name\":\"Impressum\"}]},{\"@type\":\"WebSite\",\"@id\":\"https:\\\/\\\/hotelmuenchnerkindl.de\\\/de\\\/#website\",\"url\":\"https:\\\/\\\/hotelmuenchnerkindl.de\\\/de\\\/\",\"name\":\"Hotel M\u00fcnchner Kindl\",\"description\":\"House of H&uuml;tter\",\"publisher\":{\"@id\":\"https:\\\/\\\/hotelmuenchnerkindl.de\\\/de\\\/#organization\"},\"potentialAction\":[{\"@type\":\"SearchAction\",\"target\":{\"@type\":\"EntryPoint\",\"urlTemplate\":\"https:\\\/\\\/hotelmuenchnerkindl.de\\\/de\\\/?s={search_term_string}\"},\"query-input\":{\"@type\":\"PropertyValueSpecification\",\"valueRequired\":true,\"valueName\":\"search_term_string\"}}],\"inLanguage\":\"de\"},{\"@type\":\"Organization\",\"@id\":\"https:\\\/\\\/hotelmuenchnerkindl.de\\\/de\\\/#organization\",\"name\":\"Hotel M\u00fcnchner Kindl\",\"url\":\"https:\\\/\\\/hotelmuenchnerkindl.de\\\/de\\\/\",\"logo\":{\"@type\":\"ImageObject\",\"inLanguage\":\"de\",\"@id\":\"https:\\\/\\\/hotelmuenchnerkindl.de\\\/de\\\/#\\\/schema\\\/logo\\\/image\\\/\",\"url\":\"https:\\\/\\\/hotelmuenchnerkindl.de\\\/wp-content\\\/uploads\\\/2024\\\/08\\\/Muenchner-Kindl-Logo.svg\",\"contentUrl\":\"https:\\\/\\\/hotelmuenchnerkindl.de\\\/wp-content\\\/uploads\\\/2024\\\/08\\\/Muenchner-Kindl-Logo.svg\",\"width\":781,\"height\":481,\"caption\":\"Hotel M\u00fcnchner Kindl\"},\"image\":{\"@id\":\"https:\\\/\\\/hotelmuenchnerkindl.de\\\/de\\\/#\\\/schema\\\/logo\\\/image\\\/\"},\"sameAs\":[\"https:\\\/\\\/www.instagram.com\\\/hotelmuenchnerkindl\\\/\"]}]}<\/script>\n<!-- \/ Yoast SEO plugin. -->","yoast_head_json":{"title":"Impressum - Hotel M&uuml;nchner Kindl","robots":{"index":"index","follow":"follow","max-snippet":"max-snippet:-1","max-image-preview":"max-image-preview:large","max-video-preview":"max-video-preview:-1"},"canonical":"https:\/\/hotelmuenchnerkindl.de\/de\/impressum\/","og_locale":"de_DE","og_type":"article","og_title":"Impressum - Hotel M&uuml;nchner Kindl","og_description":"Impressum H\u00fctter Hotelbetriebs GmbHZiegelh\u00e4user Landstr. 6369120 Heidelberg Handelsregister: HRB752079Registergericht: Amtsgericht Mannheim Vertreten durch:Peter H\u00fctter Kontakt Telefon: +496221655650E-Mail: mk@houseofhuetter.com Umsatzsteuer-ID Umsatzsteuer-Identifikationsnummer gem\u00e4\u00df \u00a7 27 a Umsatzsteuergesetz:&nbsp;DE370184939 EU-Streitschlichtung Die Europ\u00e4ische Kommission stellt eine Plattform zur Online-Streitbeilegung (OS) bereit: https:\/\/ec.europa.eu\/consumers\/odr\/.Unsere E-Mail-Adresse finden Sie oben im Impressum. Verbraucher\u00adstreit\u00adbeilegung\/Universal\u00adschlichtungs\u00adstelle Wir sind nicht bereit oder verpflichtet, an Streitbeilegungsverfahren vor einer Verbraucherschlichtungsstelle [&hellip;]","og_url":"https:\/\/hotelmuenchnerkindl.de\/de\/impressum\/","og_site_name":"Hotel M&uuml;nchner Kindl","article_modified_time":"2025-01-17T13:03:20+00:00","twitter_card":"summary_large_image","twitter_misc":{"Gesch\u00e4tzte Lesezeit":"1\u00a0Minute"},"schema":{"@context":"https:\/\/schema.org","@graph":[{"@type":"WebPage","@id":"https:\/\/hotelmuenchnerkindl.de\/de\/impressum\/","url":"https:\/\/hotelmuenchnerkindl.de\/de\/impressum\/","name":"Impressum - Hotel M&uuml;nchner Kindl","isPartOf":{"@id":"https:\/\/hotelmuenchnerkindl.de\/de\/#website"},"datePublished":"2024-09-01T21:44:18+00:00","dateModified":"2025-01-17T13:03:20+00:00","breadcrumb":{"@id":"https:\/\/hotelmuenchnerkindl.de\/de\/impressum\/#breadcrumb"},"inLanguage":"de","potentialAction":[{"@type":"ReadAction","target":["https:\/\/hotelmuenchnerkindl.de\/de\/impressum\/"]}]},{"@type":"BreadcrumbList","@id":"https:\/\/hotelmuenchnerkindl.de\/de\/impressum\/#breadcrumb","itemListElement":[{"@type":"ListItem","position":1,"name":"Startseite","item":"https:\/\/hotelmuenchnerkindl.de\/de\/"},{"@type":"ListItem","position":2,"name":"Impressum"}]},{"@type":"WebSite","@id":"https:\/\/hotelmuenchnerkindl.de\/de\/#website","url":"https:\/\/hotelmuenchnerkindl.de\/de\/","name":"Hotel M\u00fcnchner Kindl","description":"House of H&uuml;tter","publisher":{"@id":"https:\/\/hotelmuenchnerkindl.de\/de\/#organization"},"potentialAction":[{"@type":"SearchAction","target":{"@type":"EntryPoint","urlTemplate":"https:\/\/hotelmuenchnerkindl.de\/de\/?s={search_term_string}"},"query-input":{"@type":"PropertyValueSpecification","valueRequired":true,"valueName":"search_term_string"}}],"inLanguage":"de"},{"@type":"Organization","@id":"https:\/\/hotelmuenchnerkindl.de\/de\/#organization","name":"Hotel M\u00fcnchner Kindl","url":"https:\/\/hotelmuenchnerkindl.de\/de\/","logo":{"@type":"ImageObject","inLanguage":"de","@id":"https:\/\/hotelmuenchnerkindl.de\/de\/#\/schema\/logo\/image\/","url":"https:\/\/hotelmuenchnerkindl.de\/wp-content\/uploads\/2024\/08\/Muenchner-Kindl-Logo.svg","contentUrl":"https:\/\/hotelmuenchnerkindl.de\/wp-content\/uploads\/2024\/08\/Muenchner-Kindl-Logo.svg","width":781,"height":481,"caption":"Hotel M\u00fcnchner Kindl"},"image":{"@id":"https:\/\/hotelmuenchnerkindl.de\/de\/#\/schema\/logo\/image\/"},"sameAs":["https:\/\/www.instagram.com\/hotelmuenchnerkindl\/"]}]}},"_links":{"self":[{"href":"https:\/\/hotelmuenchnerkindl.de\/de\/wp-json\/wp\/v2\/pages\/4961","targetHints":{"allow":["GET"]}}],"collection":[{"href":"https:\/\/hotelmuenchnerkindl.de\/de\/wp-json\/wp\/v2\/pages"}],"about":[{"href":"https:\/\/hotelmuenchnerkindl.de\/de\/wp-json\/wp\/v2\/types\/page"}],"author":[{"embeddable":true,"href":"https:\/\/hotelmuenchnerkindl.de\/de\/wp-json\/wp\/v2\/users\/1"}],"replies":[{"embeddable":true,"href":"https:\/\/hotelmuenchnerkindl.de\/de\/wp-json\/wp\/v2\/comments?post=4961"}],"version-history":[{"count":13,"href":"https:\/\/hotelmuenchnerkindl.de\/de\/wp-json\/wp\/v2\/pages\/4961\/revisions"}],"predecessor-version":[{"id":5726,"href":"https:\/\/hotelmuenchnerkindl.de\/de\/wp-json\/wp\/v2\/pages\/4961\/revisions\/5726"}],"wp:attachment":[{"href":"https:\/\/hotelmuenchnerkindl.de\/de\/wp-json\/wp\/v2\/media?parent=4961"}],"curies":[{"name":"wp","href":"https:\/\/api.w.org\/{rel}","templated":true}]}}