{"id":4923,"date":"2024-08-22T12:58:33","date_gmt":"2024-08-22T12:58:33","guid":{"rendered":"https:\/\/hotelmuenchnerkindl.de\/?page_id=4923"},"modified":"2024-10-09T15:11:58","modified_gmt":"2024-10-09T15:11:58","slug":"ueber-uns","status":"publish","type":"page","link":"https:\/\/hotelmuenchnerkindl.de\/de\/ueber-uns\/","title":{"rendered":"\u00dcber uns"},"content":{"rendered":"\t\t<div data-elementor-type=\"wp-page\" data-elementor-id=\"4923\" class=\"elementor elementor-4923\" data-elementor-post-type=\"page\">\n\t\t\t\t<div class=\"elementor-element elementor-element-26f3341e e-con-full e-flex e-con e-parent\" data-id=\"26f3341e\" data-element_type=\"container\" data-e-type=\"container\" data-settings=\"{&quot;background_background&quot;:&quot;classic&quot;}\">\n\t\t\t\t<\/div>\n\t\t<div class=\"elementor-element elementor-element-6aa241c e-con-full e-flex e-con e-parent\" data-id=\"6aa241c\" data-element_type=\"container\" data-e-type=\"container\">\n\t\t\t\t<div class=\"elementor-element elementor-element-c8a45b8 elementor-align-left breadcrumb elementor-widget elementor-widget-breadcrumbs\" data-id=\"c8a45b8\" data-element_type=\"widget\" data-e-type=\"widget\" data-widget_type=\"breadcrumbs.default\">\n\t\t\t\t<div class=\"elementor-widget-container\">\n\t\t\t\t\t<p id=\"breadcrumbs\"><span><span><a href=\"https:\/\/hotelmuenchnerkindl.de\/de\/\">Startseite<\/a><\/span><\/span><\/p>\t\t\t\t<\/div>\n\t\t\t\t<\/div>\n\t\t\t\t<\/div>\n\t\t<div class=\"elementor-element elementor-element-68a918a e-flex e-con-boxed e-con e-parent\" data-id=\"68a918a\" data-element_type=\"container\" data-e-type=\"container\">\n\t\t\t\t\t<div class=\"e-con-inner\">\n\t\t\t\t<div class=\"elementor-element elementor-element-7c9934d elementor-widget elementor-widget-text-editor\" data-id=\"7c9934d\" data-element_type=\"widget\" data-e-type=\"widget\" data-widget_type=\"text-editor.default\">\n\t\t\t\t<div class=\"elementor-widget-container\">\n\t\t\t\t\t\t\t\t\t<h1 style=\"text-align: center;\">Gastfreundschaft mit bezauberndem Flair und Haute-Couture-Design\n<\/h1>\t\t\t\t\t\t\t\t<\/div>\n\t\t\t\t<\/div>\n\t\t\t\t<div class=\"elementor-element elementor-element-5b30c2d elementor-headline--style-rotate elementor-hidden-desktop elementor-hidden-tablet elementor-widget elementor-widget-animated-headline\" data-id=\"5b30c2d\" data-element_type=\"widget\" data-e-type=\"widget\" data-settings=\"{&quot;headline_style&quot;:&quot;rotate&quot;,&quot;rotating_text&quot;:&quot;INTIMATE\\nLIVING \\nAUTHENTIC&quot;,&quot;animation_type&quot;:&quot;typing&quot;,&quot;loop&quot;:&quot;yes&quot;,&quot;rotate_iteration_delay&quot;:2500}\" data-widget_type=\"animated-headline.default\">\n\t\t\t\t<div class=\"elementor-widget-container\">\n\t\t\t\t\t\t\t<h3 class=\"elementor-headline elementor-headline-animation-type-typing elementor-headline-letters\">\n\t\t\t\t<span class=\"elementor-headline-dynamic-wrapper elementor-headline-text-wrapper\">\n\t\t\t\t\t<span class=\"elementor-headline-dynamic-text elementor-headline-text-active\">\n\t\t\t\tINTIMATE\t\t\t<\/span>\n\t\t\t\t\t<span class=\"elementor-headline-dynamic-text\">\n\t\t\t\tLIVING&nbsp;\t\t\t<\/span>\n\t\t\t\t\t<span class=\"elementor-headline-dynamic-text\">\n\t\t\t\tAUTHENTIC\t\t\t<\/span>\n\t\t\t\t\t\t<\/span>\n\t\t\t\t<\/h3>\n\t\t\t\t\t\t<\/div>\n\t\t\t\t<\/div>\n\t\t\t\t<div class=\"elementor-element elementor-element-a43beb7 elementor-headline--style-rotate elementor-hidden-mobile elementor-widget elementor-widget-animated-headline\" data-id=\"a43beb7\" data-element_type=\"widget\" data-e-type=\"widget\" data-settings=\"{&quot;headline_style&quot;:&quot;rotate&quot;,&quot;rotating_text&quot;:&quot;INTIMATE - LIVING - AUTHENTIC&quot;,&quot;animation_type&quot;:&quot;typing&quot;,&quot;loop&quot;:&quot;yes&quot;,&quot;rotate_iteration_delay&quot;:2500}\" data-widget_type=\"animated-headline.default\">\n\t\t\t\t<div class=\"elementor-widget-container\">\n\t\t\t\t\t\t\t<h3 class=\"elementor-headline elementor-headline-animation-type-typing elementor-headline-letters\">\n\t\t\t\t<span class=\"elementor-headline-dynamic-wrapper elementor-headline-text-wrapper\">\n\t\t\t\t\t<span class=\"elementor-headline-dynamic-text elementor-headline-text-active\">\n\t\t\t\tINTIMATE&nbsp;-&nbsp;LIVING&nbsp;-&nbsp;AUTHENTIC\t\t\t<\/span>\n\t\t\t\t\t\t<\/span>\n\t\t\t\t<\/h3>\n\t\t\t\t\t\t<\/div>\n\t\t\t\t<\/div>\n\t\t\t\t\t<\/div>\n\t\t\t\t<\/div>\n\t\t<div class=\"elementor-element elementor-element-85e52b7 e-con-full e-flex e-con e-parent\" data-id=\"85e52b7\" data-element_type=\"container\" data-e-type=\"container\">\n\t\t\t\t<div class=\"elementor-element elementor-element-4948611 elementor-widget elementor-widget-text-editor\" data-id=\"4948611\" data-element_type=\"widget\" data-e-type=\"widget\" data-widget_type=\"text-editor.default\">\n\t\t\t\t<div class=\"elementor-widget-container\">\n\t\t\t\t\t\t\t\t\t<span class=\"drop-cap\" style=\"font-family: 'Alta Regular';\">D<\/span>as Betreten des M\u00dcNCHNER KINDL f\u00fchlt sich an wie der Eintritt in eine lebendige Wunderkammer, in der der besondere Zauber M\u00fcnchens sp\u00fcrbar wird. Das M\u00fcnchner Kindl ist eine meisterhafte Symbiose aus Tradition, Kultur und kreativem Zeitgeist, die klassische und zeitgen\u00f6ssische Elemente mit avantgardistischen Details vereint. Inspiriert von den historischen H\u00f6hepunkten M\u00fcnchens \u2013 K\u00f6nig Ludwig, Blaue Reiter und Schickeria \u2013 ist jeder Raum lebendig und maximalistisch gestaltet, mit kr\u00e4ftigen Farben, luxuri\u00f6sen Stoffen und vielf\u00e4ltigen Mustern. Diese eklektische Kombination schafft eine beeindruckende Balance aus dynamischen Kontrasten, die dennoch ein Gef\u00fchl von Harmonie und Eleganz vermittelt.\t\t\t\t\t\t\t\t<\/div>\n\t\t\t\t<\/div>\n\t\t\t\t<\/div>\n\t\t<div class=\"elementor-element elementor-element-c43e7c7 e-flex e-con-boxed e-con e-parent\" data-id=\"c43e7c7\" data-element_type=\"container\" data-e-type=\"container\">\n\t\t\t\t\t<div class=\"e-con-inner\">\n\t\t<div class=\"elementor-element elementor-element-1f0a244 e-con-full e-flex e-con e-child\" data-id=\"1f0a244\" data-element_type=\"container\" data-e-type=\"container\">\n\t\t\t\t<div class=\"elementor-element elementor-element-f0a9cc0 quote elementor-widget elementor-widget-text-editor\" data-id=\"f0a9cc0\" data-element_type=\"widget\" data-e-type=\"widget\" data-widget_type=\"text-editor.default\">\n\t\t\t\t<div class=\"elementor-widget-container\">\n\t\t\t\t\t\t\t\t\t<h3 style=\"text-align: center;\">EINE VERSCHMELZUNG VON KLASSIK, MODERNE UND AVANTGARDISTISCHEN AKZENTEN\n<\/h3>\t\t\t\t\t\t\t\t<\/div>\n\t\t\t\t<\/div>\n\t\t\t\t<\/div>\n\t\t\t\t\t<\/div>\n\t\t\t\t<\/div>\n\t\t<div class=\"elementor-element elementor-element-79a5a7b e-con-full e-flex e-con e-parent\" data-id=\"79a5a7b\" data-element_type=\"container\" data-e-type=\"container\">\n\t\t\t\t<div class=\"elementor-element elementor-element-2b93517 elementor-widget elementor-widget-text-editor\" data-id=\"2b93517\" data-element_type=\"widget\" data-e-type=\"widget\" data-widget_type=\"text-editor.default\">\n\t\t\t\t<div class=\"elementor-widget-container\">\n\t\t\t\t\t\t\t\t\t<span class=\"drop-cap\" style=\"font-family: 'Alta Regular';\">A<\/span>nstelle einer herk\u00f6mmlichen Rezeption erwartet Sie bei uns eine Hausbar, wo Sie mit einem erfrischenden Willkommensgetr\u00e4nk begr\u00fc\u00dft werden, ganz ohne l\u00e4stige Formalit\u00e4ten. Unsere einzigartig gestalteten Lounges sind mit Kaminen ausgestattet und bieten eine warme, gem\u00fctliche Atmosph\u00e4re, die an einen privaten Gentlemen&#8217;s Club erinnert. Die multifunktionalen R\u00e4ume sind darauf ausgelegt, Menschen einander n\u00e4herzubringen \u2013 sei es bei einem Tee im Orangerie-Innenhof, einem Drink an der Bar, einem Treffen mit Freunden in den verschiedenen Sitzbereichen oder beim Ausklang des Abends in der offenen K\u00fcche.\t\t\t\t\t\t\t\t<\/div>\n\t\t\t\t<\/div>\n\t\t\t\t<div class=\"elementor-element elementor-element-277b3c3 elementor-widget elementor-widget-text-editor\" data-id=\"277b3c3\" data-element_type=\"widget\" data-e-type=\"widget\" data-widget_type=\"text-editor.default\">\n\t\t\t\t<div class=\"elementor-widget-container\">\n\t\t\t\t\t\t\t\t\t<p style=\"text-align: center;\"><strong>Das M\u00fcnchner Kindl ist M\u00fcnchens intimstes G\u00e4stehaus-Hotel und bietet eine raffinierte, private Gastfreundschaft mit stilvollem Chic und einem Hauch von simply luxury.<br>\n<\/strong><\/p>\t\t\t\t\t\t\t\t<\/div>\n\t\t\t\t<\/div>\n\t\t\t\t<\/div>\n\t\t<div class=\"elementor-element elementor-element-3212804 e-con-full scrolling-image-container e-flex elementor-invisible e-con e-parent\" data-id=\"3212804\" data-element_type=\"container\" data-e-type=\"container\" data-settings=\"{&quot;animation&quot;:&quot;shake&quot;}\">\n\t\t<div class=\"elementor-element elementor-element-d267f8c e-con-full scrolling-image e-flex e-con e-child\" data-id=\"d267f8c\" data-element_type=\"container\" data-e-type=\"container\" data-settings=\"{&quot;background_background&quot;:&quot;classic&quot;,&quot;motion_fx_motion_fx_scrolling&quot;:&quot;yes&quot;,&quot;motion_fx_translateX_effect&quot;:&quot;yes&quot;,&quot;motion_fx_translateX_speed&quot;:{&quot;unit&quot;:&quot;px&quot;,&quot;size&quot;:1.3,&quot;sizes&quot;:[]},&quot;motion_fx_translateX_affectedRange&quot;:{&quot;unit&quot;:&quot;%&quot;,&quot;size&quot;:&quot;&quot;,&quot;sizes&quot;:{&quot;start&quot;:0,&quot;end&quot;:100}},&quot;motion_fx_devices&quot;:[&quot;desktop&quot;,&quot;tablet&quot;,&quot;mobile&quot;]}\">\n\t\t\t\t<\/div>\n\t\t\t\t<\/div>\n\t\t<div class=\"elementor-element elementor-element-134b44d e-con-full e-flex e-con e-parent\" data-id=\"134b44d\" data-element_type=\"container\" data-e-type=\"container\">\n\t\t\t\t<div class=\"elementor-element elementor-element-ce11a59 elementor-widget elementor-widget-text-editor\" data-id=\"ce11a59\" data-element_type=\"widget\" data-e-type=\"widget\" data-widget_type=\"text-editor.default\">\n\t\t\t\t<div class=\"elementor-widget-container\">\n\t\t\t\t\t\t\t\t\tDas <span style=\"font-family: 'Alta Regular'; font-size: 2rem;\">M\u00dcNCHNER KINDL <\/span> verfolgt in seiner Gastfreundschaft einen neuen, nachhaltigen Ansatz, der sowohl das Wohl der Menschen als auch des Planeten in den Mittelpunkt stellt. Unser Motto \u201eNach Hause kommen\u201c spiegelt sich von dem Moment an wider, in dem Sie Ihre Buchung vornehmen. Alles ist digitalisiert, um Ihnen ein nahtloses Erlebnis zu bieten, das Ihnen das Gef\u00fchl vermittelt, in Ihr eigenes luxuri\u00f6ses Zuhause in M\u00fcnchen einzutreten.\t\t\t\t\t\t\t\t<\/div>\n\t\t\t\t<\/div>\n\t\t\t\t<\/div>\n\t\t<div class=\"elementor-element elementor-element-cab0a0b e-con-full e-flex e-con e-parent\" data-id=\"cab0a0b\" data-element_type=\"container\" data-e-type=\"container\">\n\t\t\t\t<div class=\"elementor-element elementor-element-23f0b76 elementor-widget elementor-widget-text-editor\" data-id=\"23f0b76\" data-element_type=\"widget\" data-e-type=\"widget\" data-widget_type=\"text-editor.default\">\n\t\t\t\t<div class=\"elementor-widget-container\">\n\t\t\t\t\t\t\t\t\t<span class=\"drop-cap\" style=\"font-family: 'Alta Regular';\">I<\/span>m M\u00fcnchner Kindl stehen Ihre Privatsph\u00e4re und Ihr Komfort an oberster Stelle. Um Ihren Aufenthalt perfekt zu gestalten, wird sich unser \u201cGuest-Experience\u201d-Host vor Ihrer Ankunft mit Ihnen in Verbindung setzen und sich um jedes Detail k\u00fcmmern \u2013 von Restaurantreservierungen und Shuttle-Services bis hin zur Planung exklusiver Sightseeing-Touren, Museumsbesuche, Theaterabende oder Veranstaltungstickets. Sobald Sie durch unsere T\u00fcren treten, k\u00f6nnen Sie sich entspannen und das exquisite Ambiente genie\u00dfen, das wir f\u00fcr Sie vorbereitet haben.\t\t\t\t\t\t\t\t<\/div>\n\t\t\t\t<\/div>\n\t\t\t\t<\/div>\n\t\t<div class=\"elementor-element elementor-element-9ade082 e-flex e-con-boxed e-con e-parent\" data-id=\"9ade082\" data-element_type=\"container\" data-e-type=\"container\">\n\t\t\t\t\t<div class=\"e-con-inner\">\n\t\t<div class=\"elementor-element elementor-element-6997dc9 e-con-full e-flex e-con e-child\" data-id=\"6997dc9\" data-element_type=\"container\" data-e-type=\"container\">\n\t\t\t\t<div class=\"elementor-element elementor-element-bbea589 quote elementor-widget elementor-widget-text-editor\" data-id=\"bbea589\" data-element_type=\"widget\" data-e-type=\"widget\" data-widget_type=\"text-editor.default\">\n\t\t\t\t<div class=\"elementor-widget-container\">\n\t\t\t\t\t\t\t\t\t<h3 style=\"text-align: center;\">A taste of home<\/h3>\t\t\t\t\t\t\t\t<\/div>\n\t\t\t\t<\/div>\n\t\t\t\t<\/div>\n\t\t\t\t\t<\/div>\n\t\t\t\t<\/div>\n\t\t<div class=\"elementor-element elementor-element-0464272 e-con-full e-flex e-con e-parent\" data-id=\"0464272\" data-element_type=\"container\" data-e-type=\"container\">\n\t\t\t\t<div class=\"elementor-element elementor-element-01f8eec elementor-widget elementor-widget-text-editor\" data-id=\"01f8eec\" data-element_type=\"widget\" data-e-type=\"widget\" data-widget_type=\"text-editor.default\">\n\t\t\t\t<div class=\"elementor-widget-container\">\n\t\t\t\t\t\t\t\t\t<span class=\"drop-cap\" style=\"font-family: 'Alta Regular';\">S<\/span>tarten Sie Ihren Tag mit einem Fr\u00fchst\u00fcck, das vom Chef pers\u00f6nlich ausgew\u00e4hlt wurde und Ihnen t\u00e4glich frisch am Tisch serviert wird. Sie haben die Wahl zwischen einer klassischen bayerischen Variante mit Wei\u00dfwurst und Brezel oder einem leichten, gesunden Vitalfr\u00fchst\u00fcck. Jede Option ist sorgf\u00e4ltig zubereitet, damit Sie entspannt und gest\u00e4rkt in den Tag starten k\u00f6nnen.\t\t\t\t\t\t\t\t<\/div>\n\t\t\t\t<\/div>\n\t\t\t\t<div class=\"elementor-element elementor-element-a4b26d2 elementor-widget elementor-widget-text-editor\" data-id=\"a4b26d2\" data-element_type=\"widget\" data-e-type=\"widget\" data-widget_type=\"text-editor.default\">\n\t\t\t\t<div class=\"elementor-widget-container\">\n\t\t\t\t\t\t\t\t\t<p style=\"text-align: center;\"><strong>M\u00fcnchner Kindl is a lingering bubble in the bustling heart of Munich<br>\n<\/strong><\/p>\t\t\t\t\t\t\t\t<\/div>\n\t\t\t\t<\/div>\n\t\t\t\t<\/div>\n\t\t<div class=\"elementor-element elementor-element-6811280 e-con-full scrolling-image-container e-flex elementor-invisible e-con e-parent\" data-id=\"6811280\" data-element_type=\"container\" data-e-type=\"container\" data-settings=\"{&quot;animation&quot;:&quot;shake&quot;}\">\n\t\t<div class=\"elementor-element elementor-element-0c682ba e-con-full scrolling-image e-flex e-con e-child\" data-id=\"0c682ba\" data-element_type=\"container\" data-e-type=\"container\" data-settings=\"{&quot;background_background&quot;:&quot;classic&quot;,&quot;motion_fx_motion_fx_scrolling&quot;:&quot;yes&quot;,&quot;motion_fx_translateX_effect&quot;:&quot;yes&quot;,&quot;motion_fx_translateX_speed&quot;:{&quot;unit&quot;:&quot;px&quot;,&quot;size&quot;:1.3,&quot;sizes&quot;:[]},&quot;motion_fx_translateX_affectedRange&quot;:{&quot;unit&quot;:&quot;%&quot;,&quot;size&quot;:&quot;&quot;,&quot;sizes&quot;:{&quot;start&quot;:0,&quot;end&quot;:100}},&quot;motion_fx_devices&quot;:[&quot;desktop&quot;,&quot;tablet&quot;,&quot;mobile&quot;]}\">\n\t\t\t\t<\/div>\n\t\t\t\t<\/div>\n\t\t\t\t<\/div>\n\t\t","protected":false},"excerpt":{"rendered":"<p>Gastfreundschaft mit bezauberndem Flair und Haute-Couture-Design INTIMATE LIVING&nbsp; AUTHENTIC INTIMATE&nbsp;&#8211;&nbsp;LIVING&nbsp;&#8211;&nbsp;AUTHENTIC Das Betreten des M\u00dcNCHNER KINDL f\u00fchlt sich an wie der Eintritt in eine lebendige Wunderkammer, in der der besondere Zauber M\u00fcnchens sp\u00fcrbar wird. Das M\u00fcnchner Kindl ist eine meisterhafte Symbiose aus Tradition, Kultur und kreativem Zeitgeist, die klassische und zeitgen\u00f6ssische Elemente mit avantgardistischen Details vereint. [&hellip;]<\/p>\n","protected":false},"author":1,"featured_media":0,"parent":0,"menu_order":0,"comment_status":"closed","ping_status":"closed","template":"","meta":{"footnotes":""},"class_list":["post-4923","page","type-page","status-publish","hentry"],"yoast_head":"<!-- This site is optimized with the Yoast SEO plugin v27.5 - https:\/\/yoast.com\/product\/yoast-seo-wordpress\/ -->\n<title>\u00dcber uns - Hotel M&uuml;nchner Kindl<\/title>\n<meta name=\"robots\" content=\"index, follow, max-snippet:-1, max-image-preview:large, max-video-preview:-1\" \/>\n<link rel=\"canonical\" href=\"https:\/\/hotelmuenchnerkindl.de\/de\/ueber-uns\/\" \/>\n<meta property=\"og:locale\" content=\"de_DE\" \/>\n<meta property=\"og:type\" content=\"article\" \/>\n<meta property=\"og:title\" content=\"\u00dcber uns - Hotel M&uuml;nchner Kindl\" \/>\n<meta property=\"og:description\" content=\"Gastfreundschaft mit bezauberndem Flair und Haute-Couture-Design INTIMATE LIVING&nbsp; AUTHENTIC INTIMATE&nbsp;&#8211;&nbsp;LIVING&nbsp;&#8211;&nbsp;AUTHENTIC Das Betreten des M\u00dcNCHNER KINDL f\u00fchlt sich an wie der Eintritt in eine lebendige Wunderkammer, in der der besondere Zauber M\u00fcnchens sp\u00fcrbar wird. Das M\u00fcnchner Kindl ist eine meisterhafte Symbiose aus Tradition, Kultur und kreativem Zeitgeist, die klassische und zeitgen\u00f6ssische Elemente mit avantgardistischen Details vereint. [&hellip;]\" \/>\n<meta property=\"og:url\" content=\"https:\/\/hotelmuenchnerkindl.de\/de\/ueber-uns\/\" \/>\n<meta property=\"og:site_name\" content=\"Hotel M&uuml;nchner Kindl\" \/>\n<meta property=\"article:modified_time\" content=\"2024-10-09T15:11:58+00:00\" \/>\n<meta name=\"twitter:card\" content=\"summary_large_image\" \/>\n<meta name=\"twitter:label1\" content=\"Gesch\u00e4tzte Lesezeit\" \/>\n\t<meta name=\"twitter:data1\" content=\"3\u00a0Minuten\" \/>\n<script type=\"application\/ld+json\" class=\"yoast-schema-graph\">{\"@context\":\"https:\\\/\\\/schema.org\",\"@graph\":[{\"@type\":\"WebPage\",\"@id\":\"https:\\\/\\\/hotelmuenchnerkindl.de\\\/de\\\/ueber-uns\\\/\",\"url\":\"https:\\\/\\\/hotelmuenchnerkindl.de\\\/de\\\/ueber-uns\\\/\",\"name\":\"\u00dcber uns - Hotel M&uuml;nchner Kindl\",\"isPartOf\":{\"@id\":\"https:\\\/\\\/hotelmuenchnerkindl.de\\\/de\\\/#website\"},\"datePublished\":\"2024-08-22T12:58:33+00:00\",\"dateModified\":\"2024-10-09T15:11:58+00:00\",\"breadcrumb\":{\"@id\":\"https:\\\/\\\/hotelmuenchnerkindl.de\\\/de\\\/ueber-uns\\\/#breadcrumb\"},\"inLanguage\":\"de\",\"potentialAction\":[{\"@type\":\"ReadAction\",\"target\":[\"https:\\\/\\\/hotelmuenchnerkindl.de\\\/de\\\/ueber-uns\\\/\"]}]},{\"@type\":\"BreadcrumbList\",\"@id\":\"https:\\\/\\\/hotelmuenchnerkindl.de\\\/de\\\/ueber-uns\\\/#breadcrumb\",\"itemListElement\":[{\"@type\":\"ListItem\",\"position\":1,\"name\":\"Startseite\",\"item\":\"https:\\\/\\\/hotelmuenchnerkindl.de\\\/de\\\/\"},{\"@type\":\"ListItem\",\"position\":2,\"name\":\"\u00dcber uns\"}]},{\"@type\":\"WebSite\",\"@id\":\"https:\\\/\\\/hotelmuenchnerkindl.de\\\/de\\\/#website\",\"url\":\"https:\\\/\\\/hotelmuenchnerkindl.de\\\/de\\\/\",\"name\":\"Hotel M\u00fcnchner Kindl\",\"description\":\"House of H&uuml;tter\",\"publisher\":{\"@id\":\"https:\\\/\\\/hotelmuenchnerkindl.de\\\/de\\\/#organization\"},\"potentialAction\":[{\"@type\":\"SearchAction\",\"target\":{\"@type\":\"EntryPoint\",\"urlTemplate\":\"https:\\\/\\\/hotelmuenchnerkindl.de\\\/de\\\/?s={search_term_string}\"},\"query-input\":{\"@type\":\"PropertyValueSpecification\",\"valueRequired\":true,\"valueName\":\"search_term_string\"}}],\"inLanguage\":\"de\"},{\"@type\":\"Organization\",\"@id\":\"https:\\\/\\\/hotelmuenchnerkindl.de\\\/de\\\/#organization\",\"name\":\"Hotel M\u00fcnchner Kindl\",\"url\":\"https:\\\/\\\/hotelmuenchnerkindl.de\\\/de\\\/\",\"logo\":{\"@type\":\"ImageObject\",\"inLanguage\":\"de\",\"@id\":\"https:\\\/\\\/hotelmuenchnerkindl.de\\\/de\\\/#\\\/schema\\\/logo\\\/image\\\/\",\"url\":\"https:\\\/\\\/hotelmuenchnerkindl.de\\\/wp-content\\\/uploads\\\/2024\\\/08\\\/Muenchner-Kindl-Logo.svg\",\"contentUrl\":\"https:\\\/\\\/hotelmuenchnerkindl.de\\\/wp-content\\\/uploads\\\/2024\\\/08\\\/Muenchner-Kindl-Logo.svg\",\"width\":781,\"height\":481,\"caption\":\"Hotel M\u00fcnchner Kindl\"},\"image\":{\"@id\":\"https:\\\/\\\/hotelmuenchnerkindl.de\\\/de\\\/#\\\/schema\\\/logo\\\/image\\\/\"},\"sameAs\":[\"https:\\\/\\\/www.instagram.com\\\/hotelmuenchnerkindl\\\/\"]}]}<\/script>\n<!-- \/ Yoast SEO plugin. -->","yoast_head_json":{"title":"\u00dcber uns - Hotel M&uuml;nchner Kindl","robots":{"index":"index","follow":"follow","max-snippet":"max-snippet:-1","max-image-preview":"max-image-preview:large","max-video-preview":"max-video-preview:-1"},"canonical":"https:\/\/hotelmuenchnerkindl.de\/de\/ueber-uns\/","og_locale":"de_DE","og_type":"article","og_title":"\u00dcber uns - Hotel M&uuml;nchner Kindl","og_description":"Gastfreundschaft mit bezauberndem Flair und Haute-Couture-Design INTIMATE LIVING&nbsp; AUTHENTIC INTIMATE&nbsp;&#8211;&nbsp;LIVING&nbsp;&#8211;&nbsp;AUTHENTIC Das Betreten des M\u00dcNCHNER KINDL f\u00fchlt sich an wie der Eintritt in eine lebendige Wunderkammer, in der der besondere Zauber M\u00fcnchens sp\u00fcrbar wird. Das M\u00fcnchner Kindl ist eine meisterhafte Symbiose aus Tradition, Kultur und kreativem Zeitgeist, die klassische und zeitgen\u00f6ssische Elemente mit avantgardistischen Details vereint. [&hellip;]","og_url":"https:\/\/hotelmuenchnerkindl.de\/de\/ueber-uns\/","og_site_name":"Hotel M&uuml;nchner Kindl","article_modified_time":"2024-10-09T15:11:58+00:00","twitter_card":"summary_large_image","twitter_misc":{"Gesch\u00e4tzte Lesezeit":"3\u00a0Minuten"},"schema":{"@context":"https:\/\/schema.org","@graph":[{"@type":"WebPage","@id":"https:\/\/hotelmuenchnerkindl.de\/de\/ueber-uns\/","url":"https:\/\/hotelmuenchnerkindl.de\/de\/ueber-uns\/","name":"\u00dcber uns - Hotel M&uuml;nchner Kindl","isPartOf":{"@id":"https:\/\/hotelmuenchnerkindl.de\/de\/#website"},"datePublished":"2024-08-22T12:58:33+00:00","dateModified":"2024-10-09T15:11:58+00:00","breadcrumb":{"@id":"https:\/\/hotelmuenchnerkindl.de\/de\/ueber-uns\/#breadcrumb"},"inLanguage":"de","potentialAction":[{"@type":"ReadAction","target":["https:\/\/hotelmuenchnerkindl.de\/de\/ueber-uns\/"]}]},{"@type":"BreadcrumbList","@id":"https:\/\/hotelmuenchnerkindl.de\/de\/ueber-uns\/#breadcrumb","itemListElement":[{"@type":"ListItem","position":1,"name":"Startseite","item":"https:\/\/hotelmuenchnerkindl.de\/de\/"},{"@type":"ListItem","position":2,"name":"\u00dcber uns"}]},{"@type":"WebSite","@id":"https:\/\/hotelmuenchnerkindl.de\/de\/#website","url":"https:\/\/hotelmuenchnerkindl.de\/de\/","name":"Hotel M\u00fcnchner Kindl","description":"House of H&uuml;tter","publisher":{"@id":"https:\/\/hotelmuenchnerkindl.de\/de\/#organization"},"potentialAction":[{"@type":"SearchAction","target":{"@type":"EntryPoint","urlTemplate":"https:\/\/hotelmuenchnerkindl.de\/de\/?s={search_term_string}"},"query-input":{"@type":"PropertyValueSpecification","valueRequired":true,"valueName":"search_term_string"}}],"inLanguage":"de"},{"@type":"Organization","@id":"https:\/\/hotelmuenchnerkindl.de\/de\/#organization","name":"Hotel M\u00fcnchner Kindl","url":"https:\/\/hotelmuenchnerkindl.de\/de\/","logo":{"@type":"ImageObject","inLanguage":"de","@id":"https:\/\/hotelmuenchnerkindl.de\/de\/#\/schema\/logo\/image\/","url":"https:\/\/hotelmuenchnerkindl.de\/wp-content\/uploads\/2024\/08\/Muenchner-Kindl-Logo.svg","contentUrl":"https:\/\/hotelmuenchnerkindl.de\/wp-content\/uploads\/2024\/08\/Muenchner-Kindl-Logo.svg","width":781,"height":481,"caption":"Hotel M\u00fcnchner Kindl"},"image":{"@id":"https:\/\/hotelmuenchnerkindl.de\/de\/#\/schema\/logo\/image\/"},"sameAs":["https:\/\/www.instagram.com\/hotelmuenchnerkindl\/"]}]}},"_links":{"self":[{"href":"https:\/\/hotelmuenchnerkindl.de\/de\/wp-json\/wp\/v2\/pages\/4923","targetHints":{"allow":["GET"]}}],"collection":[{"href":"https:\/\/hotelmuenchnerkindl.de\/de\/wp-json\/wp\/v2\/pages"}],"about":[{"href":"https:\/\/hotelmuenchnerkindl.de\/de\/wp-json\/wp\/v2\/types\/page"}],"author":[{"embeddable":true,"href":"https:\/\/hotelmuenchnerkindl.de\/de\/wp-json\/wp\/v2\/users\/1"}],"replies":[{"embeddable":true,"href":"https:\/\/hotelmuenchnerkindl.de\/de\/wp-json\/wp\/v2\/comments?post=4923"}],"version-history":[{"count":15,"href":"https:\/\/hotelmuenchnerkindl.de\/de\/wp-json\/wp\/v2\/pages\/4923\/revisions"}],"predecessor-version":[{"id":5461,"href":"https:\/\/hotelmuenchnerkindl.de\/de\/wp-json\/wp\/v2\/pages\/4923\/revisions\/5461"}],"wp:attachment":[{"href":"https:\/\/hotelmuenchnerkindl.de\/de\/wp-json\/wp\/v2\/media?parent=4923"}],"curies":[{"name":"wp","href":"https:\/\/api.w.org\/{rel}","templated":true}]}}